{"id":105,"date":"2025-11-27T10:40:33","date_gmt":"2025-11-27T08:40:33","guid":{"rendered":"https:\/\/markoja.hr\/?page_id=105"},"modified":"2025-12-22T13:21:34","modified_gmt":"2025-12-22T11:21:34","slug":"kontakt","status":"publish","type":"page","link":"https:\/\/markoja.hr\/en\/kontakt\/","title":{"rendered":"Contact"},"content":{"rendered":"<div data-elementor-type=\"wp-page\" data-elementor-id=\"105\" class=\"elementor elementor-105\">\n\t\t\t\t<div class=\"elementor-element elementor-element-0be1e53 e-flex e-con-boxed e-con e-parent\" data-id=\"0be1e53\" data-element_type=\"container\" data-settings=\"{&quot;background_background&quot;:&quot;classic&quot;}\">\n\t\t\t\t\t<div class=\"e-con-inner\">\n\t\t<div class=\"elementor-element elementor-element-566e7a8 e-con-full e-flex e-con e-child\" data-id=\"566e7a8\" data-element_type=\"container\">\n\t\t\t\t<div class=\"elementor-element elementor-element-ad9e786 elementor-widget elementor-widget-heading\" data-id=\"ad9e786\" data-element_type=\"widget\" data-widget_type=\"heading.default\">\n\t\t\t\t\t<h2 class=\"elementor-heading-title elementor-size-default\">Contact Us!<\/h2>\t\t\t\t<\/div>\n\t\t\t\t<div class=\"elementor-element elementor-element-5f56fa5 elementor-widget elementor-widget-text-editor\" data-id=\"5f56fa5\" data-element_type=\"widget\" data-widget_type=\"text-editor.default\">\n\t\t\t\t\t\t\t\t\t<p>Fill out the contact form, send an inquiry and we will get back to you as soon as possible!<\/p>\t\t\t\t\t\t\t\t<\/div>\n\t\t\t\t<\/div>\n\t\t<div class=\"elementor-element elementor-element-946d239 e-con-full e-flex e-con e-child\" data-id=\"946d239\" data-element_type=\"container\">\n\t\t\t\t<div class=\"elementor-element elementor-element-136d1d6 elementor-widget elementor-widget-void-section-cf7\" data-id=\"136d1d6\" data-element_type=\"widget\" data-widget_type=\"void-section-cf7.default\">\n\t\t\t\t<div class=\"elementor-widget-container\">\n\t\t\t\t\t<div class=\"void-cf7-form-widget-wrapper elementor-shortcode void-cf7-0\" data-void-cf7-contact-form-id=\"6\">\n<div class=\"wpcf7 no-js\" id=\"wpcf7-f6-o1\" lang=\"en-US\" dir=\"ltr\" data-wpcf7-id=\"6\">\n<div class=\"screen-reader-response\"><p role=\"status\" aria-live=\"polite\" aria-atomic=\"true\"><\/p> <ul><\/ul><\/div>\n<form action=\"\/en\/wp-json\/wp\/v2\/pages\/105#wpcf7-f6-o1\" method=\"post\" class=\"wpcf7-form init\" aria-label=\"Contact form\" novalidate=\"novalidate\" data-status=\"init\" data-trp-original-action=\"\/en\/wp-json\/wp\/v2\/pages\/105#wpcf7-f6-o1\">\n<fieldset class=\"hidden-fields-container\"><input type=\"hidden\" name=\"_wpcf7\" value=\"6\" \/><input type=\"hidden\" name=\"_wpcf7_version\" value=\"6.1.4\" \/><input type=\"hidden\" name=\"_wpcf7_locale\" value=\"en_US\" \/><input type=\"hidden\" name=\"_wpcf7_unit_tag\" value=\"wpcf7-f6-o1\" \/><input type=\"hidden\" name=\"_wpcf7_container_post\" value=\"0\" \/><input type=\"hidden\" name=\"_wpcf7_posted_data_hash\" value=\"\" \/>\n<\/fieldset>\n<div class=\"form__row\">\n\t<p><span class=\"wpcf7-form-control-wrap\" data-name=\"first-name\"><input size=\"40\" maxlength=\"400\" class=\"wpcf7-form-control wpcf7-text wpcf7-validates-as-required\" aria-required=\"true\" aria-invalid=\"false\" placeholder=\"Name *\" value=\"\" type=\"text\" name=\"first-name\" \/><\/span>\n\t<\/p>\n<\/div>\n<div class=\"form__row\">\n\t<p><span class=\"wpcf7-form-control-wrap\" data-name=\"last-name\"><input size=\"40\" maxlength=\"400\" class=\"wpcf7-form-control wpcf7-text wpcf7-validates-as-required\" aria-required=\"true\" aria-invalid=\"false\" placeholder=\"Surname *\" value=\"\" type=\"text\" name=\"last-name\" \/><\/span>\n\t<\/p>\n<\/div>\n<div class=\"form__row\">\n\t<p><span class=\"wpcf7-form-control-wrap\" data-name=\"phone\"><input size=\"40\" maxlength=\"400\" class=\"wpcf7-form-control wpcf7-tel wpcf7-validates-as-required wpcf7-text wpcf7-validates-as-tel\" aria-required=\"true\" aria-invalid=\"false\" placeholder=\"Phone *\" value=\"\" type=\"tel\" name=\"phone\" \/><\/span>\n\t<\/p>\n<\/div>\n<div class=\"form__row\">\n\t<p><span class=\"wpcf7-form-control-wrap\" data-name=\"your-email\"><input size=\"40\" maxlength=\"400\" class=\"wpcf7-form-control wpcf7-email wpcf7-validates-as-required wpcf7-text wpcf7-validates-as-email\" aria-required=\"true\" aria-invalid=\"false\" placeholder=\"Email *\" value=\"\" type=\"email\" name=\"your-email\" \/><\/span>\n\t<\/p>\n<\/div>\n<div class=\"form__row\">\n\t<p><span class=\"wpcf7-form-control-wrap\" data-name=\"message\"><textarea cols=\"40\" rows=\"10\" maxlength=\"2000\" class=\"wpcf7-form-control wpcf7-textarea wpcf7-validates-as-required\" aria-required=\"true\" aria-invalid=\"false\" placeholder=\"Message *\" name=\"message\"><\/textarea><\/span>\n\t<\/p>\n<\/div>\n<div class=\"form__row\">\n\t<p><span class=\"wpcf7-form-control-wrap\" data-name=\"acceptance-718\"><span class=\"wpcf7-form-control wpcf7-acceptance\"><span class=\"wpcf7-list-item\"><label><input type=\"checkbox\" name=\"acceptance-718\" value=\"1\" aria-invalid=\"false\" \/><span class=\"wpcf7-list-item-label\">By submitting an inquiry via the contact form, you confirm that you have read and agree to the Privacy Policy. In accordance with the General Data Protection Regulation (GDPR), you consent to the collection and processing of the personal data provided in the contact form, which is necessary for us to respond to your inquiry.<\/span><\/label><\/span><\/span><\/span>\n\t<\/p>\n<\/div>\n<div class=\"form__row\">\n\t<p><input class=\"wpcf7-form-control wpcf7-submit has-spinner\" type=\"submit\" value=\"Send Your Inquiry\" \/>\n\t<\/p>\n<\/div><div class=\"wpcf7-response-output\" aria-hidden=\"true\"><\/div>\n<input type=\"hidden\" name=\"trp-form-language\" value=\"en\"\/><\/form>\n<\/div>\n<\/div> \t\t\t<script>\r\n \t\t\t        var theform = document.querySelector('.void-cf7-0');\r\n\t\t\t\t\t\ttheform.addEventListener( 'wpcf7mailsent', function( event ) {\r\n\t\t\t\t\t    location = 'https:\/\/markoja.hr\/en\/kontakt\/';\r\n\t\t\t\t\t}, false );\r\n\t\t\t<\/script>\r\n\r\n\t\t\t\t\t\t<\/div>\n\t\t\t\t<\/div>\n\t\t\t\t<\/div>\n\t\t\t\t\t<\/div>\n\t\t\t\t<\/div>\n\t\t<div class=\"elementor-element elementor-element-1d9cf71 e-con-full e-flex e-con e-parent\" data-id=\"1d9cf71\" data-element_type=\"container\" id=\"container-numbers\" data-settings=\"{&quot;background_background&quot;:&quot;video&quot;,&quot;background_video_link&quot;:&quot;https:\\\/\\\/markoja.hr\\\/wp-content\\\/uploads\\\/2025\\\/11\\\/markoja2.mp4&quot;,&quot;background_play_on_mobile&quot;:&quot;yes&quot;}\">\n\t\t<div class=\"elementor-background-video-container\">\n\t\t\t\t\t\t\t<video class=\"elementor-background-video-hosted\" role=\"presentation\" autoplay muted playsinline loop><\/video>\n\t\t\t\t\t<\/div>\t\t<div class=\"elementor-element elementor-element-ed9f711 elementor-widget elementor-widget-heading\" data-id=\"ed9f711\" data-element_type=\"widget\" data-widget_type=\"heading.default\">\n\t\t\t\t\t<h2 class=\"elementor-heading-title elementor-size-default\">We're proud of our...<\/h2>\t\t\t\t<\/div>\n\t\t<div class=\"elementor-element elementor-element-2865bfb e-grid e-con-boxed e-con e-child\" data-id=\"2865bfb\" data-element_type=\"container\">\n\t\t\t\t\t<div class=\"e-con-inner\">\n\t\t<div class=\"elementor-element elementor-element-b7bd02e e-con-full e-flex e-con e-child\" data-id=\"b7bd02e\" data-element_type=\"container\">\n\t\t\t\t<div class=\"elementor-element elementor-element-df4b188 elementor-widget elementor-widget-image\" data-id=\"df4b188\" data-element_type=\"widget\" data-widget_type=\"image.default\">\n\t\t\t\t\t\t\t\t\t\t\t\t\t\t\t<img decoding=\"async\" width=\"64\" height=\"64\" src=\"https:\/\/markoja.hr\/wp-content\/uploads\/2025\/11\/icon.png\" class=\"attachment-large size-large wp-image-32\" alt=\"\" srcset=\"https:\/\/markoja.hr\/wp-content\/uploads\/2025\/11\/icon.png 64w, https:\/\/markoja.hr\/wp-content\/uploads\/2025\/11\/icon-12x12.png 12w\" sizes=\"(max-width: 64px) 100vw, 64px\" \/>\t\t\t\t\t\t\t\t\t\t\t\t\t\t\t<\/div>\n\t\t\t\t<div class=\"elementor-element elementor-element-8abc43c elementor-widget elementor-widget-heading\" data-id=\"8abc43c\" data-element_type=\"widget\" id=\"number-1\" data-widget_type=\"heading.default\">\n\t\t\t\t\t<h2 class=\"elementor-heading-title elementor-size-default\">150 +<\/h2>\t\t\t\t<\/div>\n\t\t\t\t<div class=\"elementor-element elementor-element-cff3993 elementor-widget__width-initial elementor-widget elementor-widget-text-editor\" data-id=\"cff3993\" data-element_type=\"widget\" data-widget_type=\"text-editor.default\">\n\t\t\t\t\t\t\t\t\t<div class=\"itembox__inner\"><div class=\"itembox__name\"><p>clients<\/p><\/div><\/div>\t\t\t\t\t\t\t\t<\/div>\n\t\t\t\t<\/div>\n\t\t<div class=\"elementor-element elementor-element-d550172 e-con-full e-flex e-con e-child\" data-id=\"d550172\" data-element_type=\"container\">\n\t\t\t\t<div class=\"elementor-element elementor-element-32805a5 elementor-widget elementor-widget-image\" data-id=\"32805a5\" data-element_type=\"widget\" data-widget_type=\"image.default\">\n\t\t\t\t\t\t\t\t\t\t\t\t\t\t\t<img decoding=\"async\" width=\"64\" height=\"64\" src=\"https:\/\/markoja.hr\/wp-content\/uploads\/2025\/11\/icon.png\" class=\"attachment-large size-large wp-image-32\" alt=\"\" srcset=\"https:\/\/markoja.hr\/wp-content\/uploads\/2025\/11\/icon.png 64w, https:\/\/markoja.hr\/wp-content\/uploads\/2025\/11\/icon-12x12.png 12w\" sizes=\"(max-width: 64px) 100vw, 64px\" \/>\t\t\t\t\t\t\t\t\t\t\t\t\t\t\t<\/div>\n\t\t\t\t<div class=\"elementor-element elementor-element-a272e68 elementor-widget elementor-widget-heading\" data-id=\"a272e68\" data-element_type=\"widget\" id=\"number-2\" data-widget_type=\"heading.default\">\n\t\t\t\t\t<h2 class=\"elementor-heading-title elementor-size-default\">60 +<\/h2>\t\t\t\t<\/div>\n\t\t\t\t<div class=\"elementor-element elementor-element-7e184bd elementor-widget__width-initial elementor-widget elementor-widget-text-editor\" data-id=\"7e184bd\" data-element_type=\"widget\" data-widget_type=\"text-editor.default\">\n\t\t\t\t\t\t\t\t\t<div class=\"itembox__inner\"><div class=\"itembox__name\"><p>employees<\/p><\/div><\/div>\t\t\t\t\t\t\t\t<\/div>\n\t\t\t\t<\/div>\n\t\t<div class=\"elementor-element elementor-element-f539f25 e-con-full e-flex e-con e-child\" data-id=\"f539f25\" data-element_type=\"container\">\n\t\t\t\t<div class=\"elementor-element elementor-element-dbf444a elementor-widget elementor-widget-image\" data-id=\"dbf444a\" data-element_type=\"widget\" data-widget_type=\"image.default\">\n\t\t\t\t\t\t\t\t\t\t\t\t\t\t\t<img decoding=\"async\" width=\"64\" height=\"64\" src=\"https:\/\/markoja.hr\/wp-content\/uploads\/2025\/11\/icon.png\" class=\"attachment-large size-large wp-image-32\" alt=\"\" srcset=\"https:\/\/markoja.hr\/wp-content\/uploads\/2025\/11\/icon.png 64w, https:\/\/markoja.hr\/wp-content\/uploads\/2025\/11\/icon-12x12.png 12w\" sizes=\"(max-width: 64px) 100vw, 64px\" \/>\t\t\t\t\t\t\t\t\t\t\t\t\t\t\t<\/div>\n\t\t\t\t<div class=\"elementor-element elementor-element-0781885 elementor-widget elementor-widget-heading\" data-id=\"0781885\" data-element_type=\"widget\" id=\"number-3\" data-widget_type=\"heading.default\">\n\t\t\t\t\t<h2 class=\"elementor-heading-title elementor-size-default\">30<\/h2>\t\t\t\t<\/div>\n\t\t\t\t<div class=\"elementor-element elementor-element-8471f0b elementor-widget__width-initial elementor-widget elementor-widget-text-editor\" data-id=\"8471f0b\" data-element_type=\"widget\" data-widget_type=\"text-editor.default\">\n\t\t\t\t\t\t\t\t\t<div class=\"itembox__inner\"><div class=\"itembox__name\"><p>years of doing business<\/p><\/div><\/div>\t\t\t\t\t\t\t\t<\/div>\n\t\t\t\t<\/div>\n\t\t\t\t\t<\/div>\n\t\t\t\t<\/div>\n\t\t\t\t<div class=\"elementor-element elementor-element-a3e3724 elementor-widget elementor-widget-html\" data-id=\"a3e3724\" data-element_type=\"widget\" data-widget_type=\"html.default\">\n\t\t\t\t\t<script>\r\nfunction animateNumberEaseOut(element, target, duration, addPlus = false) {\r\n    const startTime = performance.now();\r\n\r\n    function update(currentTime) {\r\n        const elapsed = currentTime - startTime;\r\n        const progress = Math.min(elapsed \/ duration, 1); \r\n        const easedProgress = 1 - Math.pow(1 - progress, 3);\r\n        const currentValue = Math.floor(easedProgress * target);\r\n        element.textContent = currentValue + (addPlus && currentValue === target ? ' +' : '');\r\n        if(progress < 1) requestAnimationFrame(update);\r\n    }\r\n\r\n    requestAnimationFrame(update);\r\n}\r\n\r\nfunction waitForCounters(container, callback) {\r\n    const interval = setInterval(() => {\r\n        const h2Elements = container.querySelectorAll('h2.elementor-heading-title');\r\n        if(h2Elements.length >= 3) {\r\n            clearInterval(interval);\r\n            callback(h2Elements);\r\n        }\r\n    }, 100);\r\n}\r\n\r\nfunction startCounters() {\r\n    const container = document.getElementById('container-numbers');\r\n    if(!container) return;\r\n\r\n    waitForCounters(container, (h2Elements) => {\r\n        const counters = [\r\n            {element: h2Elements[1], target: 150, plus: true},\r\n            {element: h2Elements[2], target: 60, plus: true},\r\n            {element: h2Elements[3], target: 30, plus: false}\r\n        ];\r\n\r\n        counters.forEach(counter => {\r\n            if(counter.element) {\r\n                counter.element.textContent = counter.element.textContent.replace(\/\\D\/g,'');\r\n                animateNumberEaseOut(counter.element, counter.target, 2000, counter.plus);\r\n            }\r\n        });\r\n    });\r\n}\r\n\r\ndocument.addEventListener(\"DOMContentLoaded\", function() {\r\n    const container = document.getElementById('container-numbers');\r\n    if(!container) return;\r\n\r\n    const observer = new IntersectionObserver((entries, observer) => {\r\n        entries.forEach(entry => {\r\n            if(entry.isIntersecting) {\r\n                startCounters();\r\n                observer.unobserve(container);\r\n            }\r\n        });\r\n    }, { threshold: 0.5 });\r\n\r\n    observer.observe(container);\r\n});\r\n<\/script>\r\n\t\t\t\t<\/div>\n\t\t\t\t<\/div>\n\t\t\t\t<\/div>","protected":false},"excerpt":{"rendered":"<p>Kontaktirajte nas! Ispunite kontakt obrazac, po\u0161aljite upit i javit \u0107emo Vam se u najkra\u0107em mogu\u0107em roku! Slanjem upita putem kontakt [&hellip;]<\/p>","protected":false},"author":1,"featured_media":0,"parent":0,"menu_order":0,"comment_status":"closed","ping_status":"closed","template":"elementor_header_footer","meta":{"site-sidebar-layout":"no-sidebar","site-content-layout":"","ast-site-content-layout":"full-width-container","site-content-style":"default","site-sidebar-style":"default","ast-global-header-display":"","ast-banner-title-visibility":"","ast-main-header-display":"","ast-hfb-above-header-display":"","ast-hfb-below-header-display":"","ast-hfb-mobile-header-display":"","site-post-title":"disabled","ast-breadcrumbs-content":"","ast-featured-img":"disabled","footer-sml-layout":"","ast-disable-related-posts":"","theme-transparent-header-meta":"","adv-header-id-meta":"","stick-header-meta":"","header-above-stick-meta":"","header-main-stick-meta":"","header-below-stick-meta":"","astra-migrate-meta-layouts":"default","ast-page-background-enabled":"default","ast-page-background-meta":{"desktop":{"background-color":"var(--ast-global-color-5)","background-image":"","background-repeat":"repeat","background-position":"center center","background-size":"auto","background-attachment":"scroll","background-type":"","background-media":"","overlay-type":"","overlay-color":"","overlay-opacity":"","overlay-gradient":""},"tablet":{"background-color":"","background-image":"","background-repeat":"repeat","background-position":"center center","background-size":"auto","background-attachment":"scroll","background-type":"","background-media":"","overlay-type":"","overlay-color":"","overlay-opacity":"","overlay-gradient":""},"mobile":{"background-color":"","background-image":"","background-repeat":"repeat","background-position":"center center","background-size":"auto","background-attachment":"scroll","background-type":"","background-media":"","overlay-type":"","overlay-color":"","overlay-opacity":"","overlay-gradient":""}},"ast-content-background-meta":{"desktop":{"background-color":"var(--ast-global-color-4)","background-image":"","background-repeat":"repeat","background-position":"center center","background-size":"auto","background-attachment":"scroll","background-type":"","background-media":"","overlay-type":"","overlay-color":"","overlay-opacity":"","overlay-gradient":""},"tablet":{"background-color":"var(--ast-global-color-4)","background-image":"","background-repeat":"repeat","background-position":"center center","background-size":"auto","background-attachment":"scroll","background-type":"","background-media":"","overlay-type":"","overlay-color":"","overlay-opacity":"","overlay-gradient":""},"mobile":{"background-color":"var(--ast-global-color-4)","background-image":"","background-repeat":"repeat","background-position":"center center","background-size":"auto","background-attachment":"scroll","background-type":"","background-media":"","overlay-type":"","overlay-color":"","overlay-opacity":"","overlay-gradient":""}},"footnotes":""},"class_list":["post-105","page","type-page","status-publish","hentry"],"_links":{"self":[{"href":"https:\/\/markoja.hr\/en\/wp-json\/wp\/v2\/pages\/105","targetHints":{"allow":["GET"]}}],"collection":[{"href":"https:\/\/markoja.hr\/en\/wp-json\/wp\/v2\/pages"}],"about":[{"href":"https:\/\/markoja.hr\/en\/wp-json\/wp\/v2\/types\/page"}],"author":[{"embeddable":true,"href":"https:\/\/markoja.hr\/en\/wp-json\/wp\/v2\/users\/1"}],"replies":[{"embeddable":true,"href":"https:\/\/markoja.hr\/en\/wp-json\/wp\/v2\/comments?post=105"}],"version-history":[{"count":0,"href":"https:\/\/markoja.hr\/en\/wp-json\/wp\/v2\/pages\/105\/revisions"}],"wp:attachment":[{"href":"https:\/\/markoja.hr\/en\/wp-json\/wp\/v2\/media?parent=105"}],"curies":[{"name":"wp","href":"https:\/\/api.w.org\/{rel}","templated":true}]}}