{"id":275,"date":"2025-11-28T09:43:26","date_gmt":"2025-11-28T07:43:26","guid":{"rendered":"https:\/\/markoja.hr\/?page_id=275"},"modified":"2025-12-23T09:48:47","modified_gmt":"2025-12-23T07:48:47","slug":"politika-privatnosti","status":"publish","type":"page","link":"https:\/\/markoja.hr\/en\/politika-privatnosti\/","title":{"rendered":"Privacy Policy"},"content":{"rendered":"<div data-elementor-type=\"wp-page\" data-elementor-id=\"275\" class=\"elementor elementor-275\">\n\t\t\t\t<div class=\"elementor-element elementor-element-87a95b9 e-con-full e-flex e-con e-parent\" data-id=\"87a95b9\" data-element_type=\"container\" data-settings=\"{&quot;background_background&quot;:&quot;classic&quot;}\">\n\t\t\t\t<div class=\"elementor-element elementor-element-eec9bca elementor-widget__width-initial elementor-widget elementor-widget-heading\" data-id=\"eec9bca\" data-element_type=\"widget\" data-widget_type=\"heading.default\">\n\t\t\t\t\t<h2 class=\"elementor-heading-title elementor-size-default\">Privacy Policy<\/h2>\t\t\t\t<\/div>\n\t\t\t\t<div class=\"elementor-element elementor-element-34d54ef elementor-widget elementor-widget-image\" data-id=\"34d54ef\" data-element_type=\"widget\" data-widget_type=\"image.default\">\n\t\t\t\t\t\t\t\t\t\t\t\t<figure class=\"wp-caption\">\n\t\t\t\t\t\t\t\t\t\t<img fetchpriority=\"high\" decoding=\"async\" width=\"768\" height=\"430\" src=\"https:\/\/markoja.hr\/wp-content\/uploads\/2025\/11\/markoja_naslovna-scaled-1-1536x859-1-768x430.jpg\" class=\"attachment-medium_large size-medium_large wp-image-119\" alt=\"\" srcset=\"https:\/\/markoja.hr\/wp-content\/uploads\/2025\/11\/markoja_naslovna-scaled-1-1536x859-1-768x430.jpg 768w, https:\/\/markoja.hr\/wp-content\/uploads\/2025\/11\/markoja_naslovna-scaled-1-1536x859-1-300x168.jpg 300w, https:\/\/markoja.hr\/wp-content\/uploads\/2025\/11\/markoja_naslovna-scaled-1-1536x859-1-1024x573.jpg 1024w, https:\/\/markoja.hr\/wp-content\/uploads\/2025\/11\/markoja_naslovna-scaled-1-1536x859-1-18x10.jpg 18w, https:\/\/markoja.hr\/wp-content\/uploads\/2025\/11\/markoja_naslovna-scaled-1-1536x859-1.jpg 1536w\" sizes=\"(max-width: 768px) 100vw, 768px\" \/>\t\t\t\t\t\t\t\t\t\t\t<figcaption class=\"widget-image-caption wp-caption-text\">Foto: Markoja d.o.o.<\/figcaption>\n\t\t\t\t\t\t\t\t\t\t<\/figure>\n\t\t\t\t\t\t\t\t\t<\/div>\n\t\t\t\t<\/div>\n\t\t<div class=\"elementor-element elementor-element-a3006ac e-con-full e-flex e-con e-parent\" data-id=\"a3006ac\" data-element_type=\"container\" data-settings=\"{&quot;background_background&quot;:&quot;classic&quot;}\">\n\t\t\t\t<div class=\"elementor-element elementor-element-4d85150 elementor-widget__width-initial elementor-widget elementor-widget-heading\" data-id=\"4d85150\" data-element_type=\"widget\" data-widget_type=\"heading.default\">\n\t\t\t\t\t<h3 class=\"elementor-heading-title elementor-size-default\">Markoja d.o.o. is committed to protecting your privacy.<\/h3>\t\t\t\t<\/div>\n\t\t\t\t<div class=\"elementor-element elementor-element-d599463 elementor-widget__width-initial elementor-widget elementor-widget-text-editor\" data-id=\"d599463\" data-element_type=\"widget\" data-widget_type=\"text-editor.default\">\n\t\t\t\t\t\t\t\t\t<div class=\"single__lead\"><div class=\"lead\"><div class=\"single__lead\"><div class=\"lead\">\u00a0<\/div><\/div><div class=\"single1__content\"><div class=\"single__content\"><div class=\"text\"><p>This Privacy Policy (along with other related documents) specifies which of your personal data we collect and how we use it.<\/p><h2 class=\"wp-block-heading\" style=\"color: #6cc176;\">Identity and Contact Details of the Data Controller<\/h2><p><strong>Markoja d.o.o.<\/strong>, Selska cesta 93, 10000 Zagreb, is the data controller of your personal data. For any inquiries or requests related to the processing of personal data, you can contact us using the following details:<\/p><p>Phone: +385 1 365 1340<br \/>Email: info@markoja.hr<\/p><h2 class=\"wp-block-heading\" style=\"color: #6cc176;\">What Personal Data Do We Collect?<\/h2><p>We collect personal data regarding your visits to our website, including but not limited to traffic data, location data, web logs, survey content, contact forms, and other resources you access. This data enables us to improve your user experience and tailor content to your interests.<\/p><p>Additionally, we collect information that you provide through contact forms (e.g. \u201cContact Us\u201d), including your name, surname, email address, and phone number. Please note that all fields marked with an asterisk (*) are required. This information is necessary for processing your request. If you contact us, we may record correspondence to improve services and track inquiries.<\/p><h2 class=\"wp-block-heading\" style=\"color: #6cc176;\">How Do We Use Your Personal Data?<\/h2><p>Your personal data is used for the following purposes:<\/p><ol class=\"wp-block-list\"><li><strong>Contract execution<\/strong>\u00a0related to products and services, including processing user and legal entity data.<\/li><li>Compliance\u00a0<strong>with legal obligations<\/strong>, including those under the Accounting Act and tax regulations.<\/li><li><strong>Employment of<\/strong>\u00a0potential employees and other candidates (e.g., trainees), including data retention\u00a0<strong>with consent\u00a0<\/strong>for future selection processes.<\/li><li><strong>Marketing and informing\u00a0<\/strong>about services based on consent or legitimate interest, with the option to opt out at any time.<\/li><li><strong>IT system and network security<\/strong>\u00a0to protect confidential data (legal basis: legitimate interest).<\/li><li><strong>Responding to inquiries<\/strong>\u00a0via the website www.markoja.hr, based on legitimate interest or pre-contractual actions.<\/li><li><strong>Website functionality<\/strong>, including processing technical data and\u00a0<span style=\"text-decoration: underline;\"><a style=\"color: #6cc176; text-decoration: underline;\" href=\"https:\/\/markoja.hr\/en\/politika-kolacica\/\">cookies<\/a><\/span>.<\/li><\/ol><p>If we process data based on legitimate interest, it includes improving our services and responding to\u00a0<span style=\"text-decoration: underline;\"><a style=\"color: #6cc176; text-decoration: underline;\" href=\"https:\/\/markoja.hr\/en\/kontakt\/\">user inquiries<\/a><\/span>.<\/p><h2 class=\"wp-block-heading\" style=\"color: #6cc176;\">Sharing Data with Third Parties<\/h2><p>We may share your data with:<\/p><ul class=\"wp-block-list\"><li><strong>Suppliers, subcontractors and agents<\/strong>\u00a0providing business support, who are required to maintain data confidentiality.<\/li><li><strong>Competent government authorities<\/strong>\u00a0when necessary due to legal obligations.<\/li><\/ul><h2 class=\"wp-block-heading\" style=\"color: #6cc176;\">IP Addresses and Cookies<\/h2><p>Markoja d.o.o. may collect data about your computer (IP address, operating system, browser) for system administration and statistical analysis. However, this data does not contain personally identifiable information.<\/p><p>We use cookies to enhance the website and tailor services. If multiple users access the same computer, we recommend not selecting the \u201cAccept All\u201d option.<\/p><h2 class=\"wp-block-heading\" style=\"color: #6cc176;\">Where Do We Store and Process Your Personal Data?<\/h2><p>Your data remains under the control of\u00a0<strong>Markoja d.o.o.<\/strong>\u00a0and is protected with appropriate security measures.<\/p><p>If we transfer your personal data outside the EU, we will do so only to countries that ensure an adequate level of protection in accordance with a European Commission adequacy decision. If such a country has not been subject to a Commission decision, we will take appropriate protective measures.<\/p><h2 class=\"wp-block-heading\" style=\"color: #6cc176;\">Data Security<\/h2><p>We apply strict technical and organizational measures to prevent unauthorized access, alteration, or deletion of personal data. However, information transmission over the internet is not entirely secure and is carried out at your own risk.<\/p><h2 class=\"wp-block-heading\" style=\"color: #6cc176;\">Your Rights<\/h2><p>Under applicable data protection regulations, you have the right to:<\/p><ul class=\"wp-block-list\"><li>Access and obtain a copy of your data<\/li><li>Correct inaccurate data<\/li><li>Request data deletion under certain conditions<\/li><li>Withdraw consent at any time<\/li><li>File a complaint with a supervisory authority<\/li><\/ul><p>To exercise these rights, contact us at:\u00a0<a href=\"mailto:info@markoja.hr\"><strong style=\"color: #6cc176;\"><u>info@markoja.hr<\/u><\/strong><\/a>.<\/p><h2 class=\"wp-block-heading\" style=\"color: #6cc176;\">Is Providing Personal Data a Legal or Contractual Obligation?<\/h2><p>Providing certain personal data is necessary for the performance of a contract, such as when you contact us to process a request or enter into an agreement. If you do not provide this data, we may not be able to process your request.<\/p><h2 class=\"wp-block-heading\" style=\"color: #6cc176;\">Automated Decision-Making or Profiling<\/h2><p>We do not carry out automated decision-making or profiling that would have significant or foreseeable consequences for you.<\/p><h2 class=\"wp-block-heading\" style=\"color: #6cc176;\">What If Processing Procedures Change?<\/h2><p>Any changes to this Privacy Policy will be published on our website (www.markoja.hr) and made available through standard communication channels.<\/p><p>For any questions, comments, or inquiries regarding this Policy, please contact us at:\u00a0<a href=\"mailto:info@markoja.hr\"><strong style=\"color: #6cc176;\"><u>info@markoja.hr<\/u><\/strong><\/a>.<\/p><p>This Policy was last updated on 6 March 2025.<\/p><\/div><\/div><\/div><\/div><\/div>\t\t\t\t\t\t\t\t<\/div>\n\t\t\t\t<\/div>\n\t\t<div class=\"elementor-element elementor-element-f8c02ed e-con-full e-flex e-con e-parent\" data-id=\"f8c02ed\" data-element_type=\"container\" id=\"container-numbers\" data-settings=\"{&quot;background_background&quot;:&quot;video&quot;,&quot;background_video_link&quot;:&quot;https:\\\/\\\/markoja.hr\\\/wp-content\\\/uploads\\\/2025\\\/11\\\/markoja2.mp4&quot;,&quot;background_play_on_mobile&quot;:&quot;yes&quot;}\">\n\t\t<div class=\"elementor-background-video-container\">\n\t\t\t\t\t\t\t<video class=\"elementor-background-video-hosted\" role=\"presentation\" autoplay muted playsinline loop><\/video>\n\t\t\t\t\t<\/div>\t\t<div class=\"elementor-element elementor-element-54f6c9d elementor-widget elementor-widget-heading\" data-id=\"54f6c9d\" data-element_type=\"widget\" data-widget_type=\"heading.default\">\n\t\t\t\t\t<h2 class=\"elementor-heading-title elementor-size-default\">We're proud of our...<\/h2>\t\t\t\t<\/div>\n\t\t<div class=\"elementor-element elementor-element-ee8c488 e-grid e-con-boxed e-con e-child\" data-id=\"ee8c488\" data-element_type=\"container\">\n\t\t\t\t\t<div class=\"e-con-inner\">\n\t\t<div class=\"elementor-element elementor-element-dd7532c e-con-full e-flex e-con e-child\" data-id=\"dd7532c\" data-element_type=\"container\">\n\t\t\t\t<div class=\"elementor-element elementor-element-411eb2e elementor-widget elementor-widget-image\" data-id=\"411eb2e\" data-element_type=\"widget\" data-widget_type=\"image.default\">\n\t\t\t\t\t\t\t\t\t\t\t\t\t\t\t<img decoding=\"async\" width=\"64\" height=\"64\" src=\"https:\/\/markoja.hr\/wp-content\/uploads\/2025\/11\/icon.png\" class=\"attachment-large size-large wp-image-32\" alt=\"\" srcset=\"https:\/\/markoja.hr\/wp-content\/uploads\/2025\/11\/icon.png 64w, https:\/\/markoja.hr\/wp-content\/uploads\/2025\/11\/icon-12x12.png 12w\" sizes=\"(max-width: 64px) 100vw, 64px\" \/>\t\t\t\t\t\t\t\t\t\t\t\t\t\t\t<\/div>\n\t\t\t\t<div class=\"elementor-element elementor-element-86c7e43 elementor-widget elementor-widget-heading\" data-id=\"86c7e43\" data-element_type=\"widget\" id=\"number-1\" data-widget_type=\"heading.default\">\n\t\t\t\t\t<h2 class=\"elementor-heading-title elementor-size-default\">150 +<\/h2>\t\t\t\t<\/div>\n\t\t\t\t<div class=\"elementor-element elementor-element-12f235a elementor-widget__width-initial elementor-widget elementor-widget-text-editor\" data-id=\"12f235a\" data-element_type=\"widget\" data-widget_type=\"text-editor.default\">\n\t\t\t\t\t\t\t\t\t<div class=\"itembox__inner\"><div class=\"itembox__name\"><p>clients<\/p><\/div><\/div>\t\t\t\t\t\t\t\t<\/div>\n\t\t\t\t<\/div>\n\t\t<div class=\"elementor-element elementor-element-67ad57e e-con-full e-flex e-con e-child\" data-id=\"67ad57e\" data-element_type=\"container\">\n\t\t\t\t<div class=\"elementor-element elementor-element-7a78001 elementor-widget elementor-widget-image\" data-id=\"7a78001\" data-element_type=\"widget\" data-widget_type=\"image.default\">\n\t\t\t\t\t\t\t\t\t\t\t\t\t\t\t<img decoding=\"async\" width=\"64\" height=\"64\" src=\"https:\/\/markoja.hr\/wp-content\/uploads\/2025\/11\/icon.png\" class=\"attachment-large size-large wp-image-32\" alt=\"\" srcset=\"https:\/\/markoja.hr\/wp-content\/uploads\/2025\/11\/icon.png 64w, https:\/\/markoja.hr\/wp-content\/uploads\/2025\/11\/icon-12x12.png 12w\" sizes=\"(max-width: 64px) 100vw, 64px\" \/>\t\t\t\t\t\t\t\t\t\t\t\t\t\t\t<\/div>\n\t\t\t\t<div class=\"elementor-element elementor-element-72b2ced elementor-widget elementor-widget-heading\" data-id=\"72b2ced\" data-element_type=\"widget\" id=\"number-2\" data-widget_type=\"heading.default\">\n\t\t\t\t\t<h2 class=\"elementor-heading-title elementor-size-default\">60 +<\/h2>\t\t\t\t<\/div>\n\t\t\t\t<div class=\"elementor-element elementor-element-0bfa720 elementor-widget__width-initial elementor-widget elementor-widget-text-editor\" data-id=\"0bfa720\" data-element_type=\"widget\" data-widget_type=\"text-editor.default\">\n\t\t\t\t\t\t\t\t\t<div class=\"itembox__inner\"><div class=\"itembox__name\"><p>employees<\/p><\/div><\/div>\t\t\t\t\t\t\t\t<\/div>\n\t\t\t\t<\/div>\n\t\t<div class=\"elementor-element elementor-element-126cbed e-con-full e-flex e-con e-child\" data-id=\"126cbed\" data-element_type=\"container\">\n\t\t\t\t<div class=\"elementor-element elementor-element-0ae6162 elementor-widget elementor-widget-image\" data-id=\"0ae6162\" data-element_type=\"widget\" data-widget_type=\"image.default\">\n\t\t\t\t\t\t\t\t\t\t\t\t\t\t\t<img decoding=\"async\" width=\"64\" height=\"64\" src=\"https:\/\/markoja.hr\/wp-content\/uploads\/2025\/11\/icon.png\" class=\"attachment-large size-large wp-image-32\" alt=\"\" srcset=\"https:\/\/markoja.hr\/wp-content\/uploads\/2025\/11\/icon.png 64w, https:\/\/markoja.hr\/wp-content\/uploads\/2025\/11\/icon-12x12.png 12w\" sizes=\"(max-width: 64px) 100vw, 64px\" \/>\t\t\t\t\t\t\t\t\t\t\t\t\t\t\t<\/div>\n\t\t\t\t<div class=\"elementor-element elementor-element-81b1e33 elementor-widget elementor-widget-heading\" data-id=\"81b1e33\" data-element_type=\"widget\" id=\"number-3\" data-widget_type=\"heading.default\">\n\t\t\t\t\t<h2 class=\"elementor-heading-title elementor-size-default\">30<\/h2>\t\t\t\t<\/div>\n\t\t\t\t<div class=\"elementor-element elementor-element-cd807a8 elementor-widget__width-initial elementor-widget elementor-widget-text-editor\" data-id=\"cd807a8\" data-element_type=\"widget\" data-widget_type=\"text-editor.default\">\n\t\t\t\t\t\t\t\t\t<div class=\"itembox__inner\"><div class=\"itembox__name\"><p>years of doing business<\/p><\/div><\/div>\t\t\t\t\t\t\t\t<\/div>\n\t\t\t\t<\/div>\n\t\t\t\t\t<\/div>\n\t\t\t\t<\/div>\n\t\t\t\t<div class=\"elementor-element elementor-element-69ddd84 elementor-widget elementor-widget-html\" data-id=\"69ddd84\" data-element_type=\"widget\" data-widget_type=\"html.default\">\n\t\t\t\t\t<script>\r\nfunction animateNumberEaseOut(element, target, duration, addPlus = false) {\r\n    const startTime = performance.now();\r\n\r\n    function update(currentTime) {\r\n        const elapsed = currentTime - startTime;\r\n        const progress = Math.min(elapsed \/ duration, 1); \r\n        const easedProgress = 1 - Math.pow(1 - progress, 3);\r\n        const currentValue = Math.floor(easedProgress * target);\r\n        element.textContent = currentValue + (addPlus && currentValue === target ? ' +' : '');\r\n        if(progress < 1) requestAnimationFrame(update);\r\n    }\r\n\r\n    requestAnimationFrame(update);\r\n}\r\n\r\nfunction waitForCounters(container, callback) {\r\n    const interval = setInterval(() => {\r\n        const h2Elements = container.querySelectorAll('h2.elementor-heading-title');\r\n        if(h2Elements.length >= 3) {\r\n            clearInterval(interval);\r\n            callback(h2Elements);\r\n        }\r\n    }, 100);\r\n}\r\n\r\nfunction startCounters() {\r\n    const container = document.getElementById('container-numbers');\r\n    if(!container) return;\r\n\r\n    waitForCounters(container, (h2Elements) => {\r\n        const counters = [\r\n            {element: h2Elements[1], target: 150, plus: true},\r\n            {element: h2Elements[2], target: 60, plus: true},\r\n            {element: h2Elements[3], target: 30, plus: false}\r\n        ];\r\n\r\n        counters.forEach(counter => {\r\n            if(counter.element) {\r\n                counter.element.textContent = counter.element.textContent.replace(\/\\D\/g,'');\r\n                animateNumberEaseOut(counter.element, counter.target, 2000, counter.plus);\r\n            }\r\n        });\r\n    });\r\n}\r\n\r\ndocument.addEventListener(\"DOMContentLoaded\", function() {\r\n    const container = document.getElementById('container-numbers');\r\n    if(!container) return;\r\n\r\n    const observer = new IntersectionObserver((entries, observer) => {\r\n        entries.forEach(entry => {\r\n            if(entry.isIntersecting) {\r\n                startCounters();\r\n                observer.unobserve(container);\r\n            }\r\n        });\r\n    }, { threshold: 0.5 });\r\n\r\n    observer.observe(container);\r\n});\r\n<\/script>\r\n\t\t\t\t<\/div>\n\t\t\t\t<\/div>\n\t\t\t\t<\/div>","protected":false},"excerpt":{"rendered":"<p>Politika privatnosti Foto: Markoja d.o.o. Tvrtka Markoja d.o.o. posve\u0107ena je za\u0161titi Va\u0161e privatnosti. \u00a0 Ova Politika (zajedno s drugim povezanim [&hellip;]<\/p>","protected":false},"author":1,"featured_media":0,"parent":0,"menu_order":0,"comment_status":"closed","ping_status":"closed","template":"elementor_header_footer","meta":{"site-sidebar-layout":"no-sidebar","site-content-layout":"","ast-site-content-layout":"full-width-container","site-content-style":"default","site-sidebar-style":"default","ast-global-header-display":"","ast-banner-title-visibility":"","ast-main-header-display":"","ast-hfb-above-header-display":"","ast-hfb-below-header-display":"","ast-hfb-mobile-header-display":"","site-post-title":"disabled","ast-breadcrumbs-content":"","ast-featured-img":"disabled","footer-sml-layout":"","ast-disable-related-posts":"","theme-transparent-header-meta":"","adv-header-id-meta":"","stick-header-meta":"","header-above-stick-meta":"","header-main-stick-meta":"","header-below-stick-meta":"","astra-migrate-meta-layouts":"default","ast-page-background-enabled":"default","ast-page-background-meta":{"desktop":{"background-color":"var(--ast-global-color-5)","background-image":"","background-repeat":"repeat","background-position":"center center","background-size":"auto","background-attachment":"scroll","background-type":"","background-media":"","overlay-type":"","overlay-color":"","overlay-opacity":"","overlay-gradient":""},"tablet":{"background-color":"","background-image":"","background-repeat":"repeat","background-position":"center center","background-size":"auto","background-attachment":"scroll","background-type":"","background-media":"","overlay-type":"","overlay-color":"","overlay-opacity":"","overlay-gradient":""},"mobile":{"background-color":"","background-image":"","background-repeat":"repeat","background-position":"center center","background-size":"auto","background-attachment":"scroll","background-type":"","background-media":"","overlay-type":"","overlay-color":"","overlay-opacity":"","overlay-gradient":""}},"ast-content-background-meta":{"desktop":{"background-color":"var(--ast-global-color-4)","background-image":"","background-repeat":"repeat","background-position":"center center","background-size":"auto","background-attachment":"scroll","background-type":"","background-media":"","overlay-type":"","overlay-color":"","overlay-opacity":"","overlay-gradient":""},"tablet":{"background-color":"var(--ast-global-color-4)","background-image":"","background-repeat":"repeat","background-position":"center center","background-size":"auto","background-attachment":"scroll","background-type":"","background-media":"","overlay-type":"","overlay-color":"","overlay-opacity":"","overlay-gradient":""},"mobile":{"background-color":"var(--ast-global-color-4)","background-image":"","background-repeat":"repeat","background-position":"center center","background-size":"auto","background-attachment":"scroll","background-type":"","background-media":"","overlay-type":"","overlay-color":"","overlay-opacity":"","overlay-gradient":""}},"footnotes":""},"class_list":["post-275","page","type-page","status-publish","hentry"],"_links":{"self":[{"href":"https:\/\/markoja.hr\/en\/wp-json\/wp\/v2\/pages\/275","targetHints":{"allow":["GET"]}}],"collection":[{"href":"https:\/\/markoja.hr\/en\/wp-json\/wp\/v2\/pages"}],"about":[{"href":"https:\/\/markoja.hr\/en\/wp-json\/wp\/v2\/types\/page"}],"author":[{"embeddable":true,"href":"https:\/\/markoja.hr\/en\/wp-json\/wp\/v2\/users\/1"}],"replies":[{"embeddable":true,"href":"https:\/\/markoja.hr\/en\/wp-json\/wp\/v2\/comments?post=275"}],"version-history":[{"count":0,"href":"https:\/\/markoja.hr\/en\/wp-json\/wp\/v2\/pages\/275\/revisions"}],"wp:attachment":[{"href":"https:\/\/markoja.hr\/en\/wp-json\/wp\/v2\/media?parent=275"}],"curies":[{"name":"wp","href":"https:\/\/api.w.org\/{rel}","templated":true}]}}