{"id":277,"date":"2025-11-28T09:44:13","date_gmt":"2025-11-28T07:44:13","guid":{"rendered":"https:\/\/markoja.hr\/?page_id=277"},"modified":"2025-12-23T09:49:13","modified_gmt":"2025-12-23T07:49:13","slug":"politika-kvalitete-i-zastite-okolisa","status":"publish","type":"page","link":"https:\/\/markoja.hr\/en\/politika-kvalitete-i-zastite-okolisa\/","title":{"rendered":"Quality and Environmental Policy"},"content":{"rendered":"<div data-elementor-type=\"wp-page\" data-elementor-id=\"277\" class=\"elementor elementor-277\">\n\t\t\t\t<div class=\"elementor-element elementor-element-4734a37 e-con-full e-flex e-con e-parent\" data-id=\"4734a37\" data-element_type=\"container\" data-settings=\"{&quot;background_background&quot;:&quot;classic&quot;}\">\n\t\t\t\t<div class=\"elementor-element elementor-element-0f709e0 elementor-widget__width-initial elementor-widget elementor-widget-heading\" data-id=\"0f709e0\" data-element_type=\"widget\" data-widget_type=\"heading.default\">\n\t\t\t\t\t<h2 class=\"elementor-heading-title elementor-size-default\">Quality and Environmental Policy<\/h2>\t\t\t\t<\/div>\n\t\t\t\t<div class=\"elementor-element elementor-element-6c48d24 elementor-widget elementor-widget-image\" data-id=\"6c48d24\" data-element_type=\"widget\" data-widget_type=\"image.default\">\n\t\t\t\t\t\t\t\t\t\t\t\t<figure class=\"wp-caption\">\n\t\t\t\t\t\t\t\t\t\t<img fetchpriority=\"high\" decoding=\"async\" width=\"768\" height=\"430\" src=\"https:\/\/markoja.hr\/wp-content\/uploads\/2025\/11\/markoja_naslovna-scaled-1-1536x859-1-768x430.jpg\" class=\"attachment-medium_large size-medium_large wp-image-119\" alt=\"\" srcset=\"https:\/\/markoja.hr\/wp-content\/uploads\/2025\/11\/markoja_naslovna-scaled-1-1536x859-1-768x430.jpg 768w, https:\/\/markoja.hr\/wp-content\/uploads\/2025\/11\/markoja_naslovna-scaled-1-1536x859-1-300x168.jpg 300w, https:\/\/markoja.hr\/wp-content\/uploads\/2025\/11\/markoja_naslovna-scaled-1-1536x859-1-1024x573.jpg 1024w, https:\/\/markoja.hr\/wp-content\/uploads\/2025\/11\/markoja_naslovna-scaled-1-1536x859-1-18x10.jpg 18w, https:\/\/markoja.hr\/wp-content\/uploads\/2025\/11\/markoja_naslovna-scaled-1-1536x859-1.jpg 1536w\" sizes=\"(max-width: 768px) 100vw, 768px\" \/>\t\t\t\t\t\t\t\t\t\t\t<figcaption class=\"widget-image-caption wp-caption-text\">Foto: Markoja d.o.o.<\/figcaption>\n\t\t\t\t\t\t\t\t\t\t<\/figure>\n\t\t\t\t\t\t\t\t\t<\/div>\n\t\t\t\t<\/div>\n\t\t<div class=\"elementor-element elementor-element-40a2dd5 e-con-full e-flex e-con e-parent\" data-id=\"40a2dd5\" data-element_type=\"container\" data-settings=\"{&quot;background_background&quot;:&quot;classic&quot;}\">\n\t\t\t\t<div class=\"elementor-element elementor-element-0d33379 elementor-widget__width-initial elementor-widget elementor-widget-heading\" data-id=\"0d33379\" data-element_type=\"widget\" data-widget_type=\"heading.default\">\n\t\t\t\t\t<h3 class=\"elementor-heading-title elementor-size-default\">The strategic objective of MARKOJA d.o.o. is to deliver superior quality while preserving natural resources. We are committed to the continuous improvement of our quality and environmental management systems, with a client-centered approach driving all business decisions.<\/h3>\t\t\t\t<\/div>\n\t\t\t\t<div class=\"elementor-element elementor-element-d30b9b3 elementor-widget__width-initial elementor-widget elementor-widget-text-editor\" data-id=\"d30b9b3\" data-element_type=\"widget\" data-widget_type=\"text-editor.default\">\n\t\t\t\t\t\t\t\t\t<div class=\"single__lead\"><div class=\"lead\"><div class=\"single__lead\"><div class=\"lead\"><p>In response to market demands for competitive pricing, high-quality services, and timely delivery, we ensure professional, efficient, and reliable execution to meet and exceed expectations.<br \/>The market places high demands on us in terms of prices, quality and deadlines for delivering services and supplying the products in our range. Therefore, we must respond to these requirements quickly, professionally and with high quality.<\/p><h2 class=\"wp-block-heading\"><strong style=\"color: #6cc176;\">The long-term objectives of our company\u2019s Quality and Environmental Policy are as follows:<\/strong><\/h2><ul class=\"wp-block-list\"><li>Achieving complete client satisfaction by addressing their needs comprehensively.<\/li><li>Building strong partnerships with suppliers to fulfill client requirements effectively.<\/li><li>Empowering and motivating employees through continuous education to enhance product and service quality.<\/li><li>Consistently improving the quality and environmental management systems.<\/li><li>Managing waste responsibly, adhering to best practices and sustainability principles.<\/li><li>Prevent environmental pollution.<\/li><li>Continuously improve the impact on the environment.<\/li><li>Constantly align business operations with legal requirements.<\/li><li>Use all resources in accordance with the principles of sustainable development.<\/li><li>Key occupational health and safety objectives:<br \/><ul class=\"wp-block-list\"><li>Prevention of injuries and illnesses: Identifying and eliminating workplace hazards to prevent injuries, occupational diseases, and other work-related health issues<\/li><li>Creating a safe working environment: Establishing working conditions in which risks are minimized and employees can work safely and healthily<\/li><li>Increasing productivity: Preventing work interruptions caused by injuries or illnesses and improving employee well-being and motivation<\/li><li>Improving health: Taking care of employees' physical and mental health and preventing long-term health problems that may arise from work<\/li><li>Compliance with regulations: Ensuring that Markoja d.o.o., its employees, and other interested parties comply with legal obligations and occupational safety standards.<\/li><\/ul><\/li><\/ul><p>All employees are familiar with the quality and environmental policy; they accept it, understand it, and apply it through their daily activities and the execution of assigned tasks.<\/p><p>We have aligned our business strategy and policy with the achievement of these objectives and we aim to assure current and future customers that we are a reliable partner through our high-quality service.<\/p><p class=\"has-text-align-center\" style=\"text-align: center;\"><mark class=\"has-inline-color has-cyan-bluish-gray-color\">Zagreb, 20 November 2025<br \/>Director, Markoja d.o.o.<\/mark><strong><mark class=\"has-inline-color has-cyan-bluish-gray-color\"><br \/>Dejan Bo\u017ei\u0107<\/mark><\/strong><\/p><\/div><\/div><\/div><\/div>\t\t\t\t\t\t\t\t<\/div>\n\t\t\t\t<\/div>\n\t\t<div class=\"elementor-element elementor-element-321602f e-con-full e-flex e-con e-parent\" data-id=\"321602f\" data-element_type=\"container\" id=\"container-numbers\" data-settings=\"{&quot;background_background&quot;:&quot;video&quot;,&quot;background_video_link&quot;:&quot;https:\\\/\\\/markoja.hr\\\/wp-content\\\/uploads\\\/2025\\\/11\\\/markoja2.mp4&quot;,&quot;background_play_on_mobile&quot;:&quot;yes&quot;}\">\n\t\t<div class=\"elementor-background-video-container\">\n\t\t\t\t\t\t\t<video class=\"elementor-background-video-hosted\" role=\"presentation\" autoplay muted playsinline loop><\/video>\n\t\t\t\t\t<\/div>\t\t<div class=\"elementor-element elementor-element-0c1d741 elementor-widget elementor-widget-heading\" data-id=\"0c1d741\" data-element_type=\"widget\" data-widget_type=\"heading.default\">\n\t\t\t\t\t<h2 class=\"elementor-heading-title elementor-size-default\">We're proud of our...<\/h2>\t\t\t\t<\/div>\n\t\t<div class=\"elementor-element elementor-element-40d7d0f e-grid e-con-boxed e-con e-child\" data-id=\"40d7d0f\" data-element_type=\"container\">\n\t\t\t\t\t<div class=\"e-con-inner\">\n\t\t<div class=\"elementor-element elementor-element-eefb7d4 e-con-full e-flex e-con e-child\" data-id=\"eefb7d4\" data-element_type=\"container\">\n\t\t\t\t<div class=\"elementor-element elementor-element-d255f6f elementor-widget elementor-widget-image\" data-id=\"d255f6f\" data-element_type=\"widget\" data-widget_type=\"image.default\">\n\t\t\t\t\t\t\t\t\t\t\t\t\t\t\t<img decoding=\"async\" width=\"64\" height=\"64\" src=\"https:\/\/markoja.hr\/wp-content\/uploads\/2025\/11\/icon.png\" class=\"attachment-large size-large wp-image-32\" alt=\"\" srcset=\"https:\/\/markoja.hr\/wp-content\/uploads\/2025\/11\/icon.png 64w, https:\/\/markoja.hr\/wp-content\/uploads\/2025\/11\/icon-12x12.png 12w\" sizes=\"(max-width: 64px) 100vw, 64px\" \/>\t\t\t\t\t\t\t\t\t\t\t\t\t\t\t<\/div>\n\t\t\t\t<div class=\"elementor-element elementor-element-8bee6f6 elementor-widget elementor-widget-heading\" data-id=\"8bee6f6\" data-element_type=\"widget\" id=\"number-1\" data-widget_type=\"heading.default\">\n\t\t\t\t\t<h2 class=\"elementor-heading-title elementor-size-default\">150 +<\/h2>\t\t\t\t<\/div>\n\t\t\t\t<div class=\"elementor-element elementor-element-5f30d40 elementor-widget__width-initial elementor-widget elementor-widget-text-editor\" data-id=\"5f30d40\" data-element_type=\"widget\" data-widget_type=\"text-editor.default\">\n\t\t\t\t\t\t\t\t\t<div class=\"itembox__inner\"><div class=\"itembox__name\"><p>clients<\/p><\/div><\/div>\t\t\t\t\t\t\t\t<\/div>\n\t\t\t\t<\/div>\n\t\t<div class=\"elementor-element elementor-element-9522568 e-con-full e-flex e-con e-child\" data-id=\"9522568\" data-element_type=\"container\">\n\t\t\t\t<div class=\"elementor-element elementor-element-5791633 elementor-widget elementor-widget-image\" data-id=\"5791633\" data-element_type=\"widget\" data-widget_type=\"image.default\">\n\t\t\t\t\t\t\t\t\t\t\t\t\t\t\t<img decoding=\"async\" width=\"64\" height=\"64\" src=\"https:\/\/markoja.hr\/wp-content\/uploads\/2025\/11\/icon.png\" class=\"attachment-large size-large wp-image-32\" alt=\"\" srcset=\"https:\/\/markoja.hr\/wp-content\/uploads\/2025\/11\/icon.png 64w, https:\/\/markoja.hr\/wp-content\/uploads\/2025\/11\/icon-12x12.png 12w\" sizes=\"(max-width: 64px) 100vw, 64px\" \/>\t\t\t\t\t\t\t\t\t\t\t\t\t\t\t<\/div>\n\t\t\t\t<div class=\"elementor-element elementor-element-9dd306b elementor-widget elementor-widget-heading\" data-id=\"9dd306b\" data-element_type=\"widget\" id=\"number-2\" data-widget_type=\"heading.default\">\n\t\t\t\t\t<h2 class=\"elementor-heading-title elementor-size-default\">60 +<\/h2>\t\t\t\t<\/div>\n\t\t\t\t<div class=\"elementor-element elementor-element-ffc3966 elementor-widget__width-initial elementor-widget elementor-widget-text-editor\" data-id=\"ffc3966\" data-element_type=\"widget\" data-widget_type=\"text-editor.default\">\n\t\t\t\t\t\t\t\t\t<div class=\"itembox__inner\"><div class=\"itembox__name\"><p>employees<\/p><\/div><\/div>\t\t\t\t\t\t\t\t<\/div>\n\t\t\t\t<\/div>\n\t\t<div class=\"elementor-element elementor-element-e882af1 e-con-full e-flex e-con e-child\" data-id=\"e882af1\" data-element_type=\"container\">\n\t\t\t\t<div class=\"elementor-element elementor-element-087ac63 elementor-widget elementor-widget-image\" data-id=\"087ac63\" data-element_type=\"widget\" data-widget_type=\"image.default\">\n\t\t\t\t\t\t\t\t\t\t\t\t\t\t\t<img decoding=\"async\" width=\"64\" height=\"64\" src=\"https:\/\/markoja.hr\/wp-content\/uploads\/2025\/11\/icon.png\" class=\"attachment-large size-large wp-image-32\" alt=\"\" srcset=\"https:\/\/markoja.hr\/wp-content\/uploads\/2025\/11\/icon.png 64w, https:\/\/markoja.hr\/wp-content\/uploads\/2025\/11\/icon-12x12.png 12w\" sizes=\"(max-width: 64px) 100vw, 64px\" \/>\t\t\t\t\t\t\t\t\t\t\t\t\t\t\t<\/div>\n\t\t\t\t<div class=\"elementor-element elementor-element-97552ee elementor-widget elementor-widget-heading\" data-id=\"97552ee\" data-element_type=\"widget\" id=\"number-3\" data-widget_type=\"heading.default\">\n\t\t\t\t\t<h2 class=\"elementor-heading-title elementor-size-default\">30<\/h2>\t\t\t\t<\/div>\n\t\t\t\t<div class=\"elementor-element elementor-element-1559591 elementor-widget__width-initial elementor-widget elementor-widget-text-editor\" data-id=\"1559591\" data-element_type=\"widget\" data-widget_type=\"text-editor.default\">\n\t\t\t\t\t\t\t\t\t<div class=\"itembox__inner\"><div class=\"itembox__name\"><p>years of doing business<\/p><\/div><\/div>\t\t\t\t\t\t\t\t<\/div>\n\t\t\t\t<\/div>\n\t\t\t\t\t<\/div>\n\t\t\t\t<\/div>\n\t\t\t\t<div class=\"elementor-element elementor-element-96862a2 elementor-widget elementor-widget-html\" data-id=\"96862a2\" data-element_type=\"widget\" data-widget_type=\"html.default\">\n\t\t\t\t\t<script>\r\nfunction animateNumberEaseOut(element, target, duration, addPlus = false) {\r\n    const startTime = performance.now();\r\n\r\n    function update(currentTime) {\r\n        const elapsed = currentTime - startTime;\r\n        const progress = Math.min(elapsed \/ duration, 1); \r\n        const easedProgress = 1 - Math.pow(1 - progress, 3);\r\n        const currentValue = Math.floor(easedProgress * target);\r\n        element.textContent = currentValue + (addPlus && currentValue === target ? ' +' : '');\r\n        if(progress < 1) requestAnimationFrame(update);\r\n    }\r\n\r\n    requestAnimationFrame(update);\r\n}\r\n\r\nfunction waitForCounters(container, callback) {\r\n    const interval = setInterval(() => {\r\n        const h2Elements = container.querySelectorAll('h2.elementor-heading-title');\r\n        if(h2Elements.length >= 3) {\r\n            clearInterval(interval);\r\n            callback(h2Elements);\r\n        }\r\n    }, 100);\r\n}\r\n\r\nfunction startCounters() {\r\n    const container = document.getElementById('container-numbers');\r\n    if(!container) return;\r\n\r\n    waitForCounters(container, (h2Elements) => {\r\n        const counters = [\r\n            {element: h2Elements[1], target: 150, plus: true},\r\n            {element: h2Elements[2], target: 60, plus: true},\r\n            {element: h2Elements[3], target: 30, plus: false}\r\n        ];\r\n\r\n        counters.forEach(counter => {\r\n            if(counter.element) {\r\n                counter.element.textContent = counter.element.textContent.replace(\/\\D\/g,'');\r\n                animateNumberEaseOut(counter.element, counter.target, 2000, counter.plus);\r\n            }\r\n        });\r\n    });\r\n}\r\n\r\ndocument.addEventListener(\"DOMContentLoaded\", function() {\r\n    const container = document.getElementById('container-numbers');\r\n    if(!container) return;\r\n\r\n    const observer = new IntersectionObserver((entries, observer) => {\r\n        entries.forEach(entry => {\r\n            if(entry.isIntersecting) {\r\n                startCounters();\r\n                observer.unobserve(container);\r\n            }\r\n        });\r\n    }, { threshold: 0.5 });\r\n\r\n    observer.observe(container);\r\n});\r\n<\/script>\r\n\t\t\t\t<\/div>\n\t\t\t\t<\/div>\n\t\t\t\t<\/div>","protected":false},"excerpt":{"rendered":"<p>Politika kvalitete, za\u0161tite okoli\u0161a te upravljanja zdravljem i sigurno\u0161\u0107u na radu Foto: Markoja d.o.o. Strate\u0161ki cilj tvrtke MARKOJA d.o.o. je [&hellip;]<\/p>","protected":false},"author":1,"featured_media":0,"parent":0,"menu_order":0,"comment_status":"closed","ping_status":"closed","template":"elementor_header_footer","meta":{"site-sidebar-layout":"no-sidebar","site-content-layout":"","ast-site-content-layout":"full-width-container","site-content-style":"default","site-sidebar-style":"default","ast-global-header-display":"","ast-banner-title-visibility":"","ast-main-header-display":"","ast-hfb-above-header-display":"","ast-hfb-below-header-display":"","ast-hfb-mobile-header-display":"","site-post-title":"disabled","ast-breadcrumbs-content":"","ast-featured-img":"disabled","footer-sml-layout":"","ast-disable-related-posts":"","theme-transparent-header-meta":"","adv-header-id-meta":"","stick-header-meta":"","header-above-stick-meta":"","header-main-stick-meta":"","header-below-stick-meta":"","astra-migrate-meta-layouts":"default","ast-page-background-enabled":"default","ast-page-background-meta":{"desktop":{"background-color":"var(--ast-global-color-5)","background-image":"","background-repeat":"repeat","background-position":"center center","background-size":"auto","background-attachment":"scroll","background-type":"","background-media":"","overlay-type":"","overlay-color":"","overlay-opacity":"","overlay-gradient":""},"tablet":{"background-color":"","background-image":"","background-repeat":"repeat","background-position":"center center","background-size":"auto","background-attachment":"scroll","background-type":"","background-media":"","overlay-type":"","overlay-color":"","overlay-opacity":"","overlay-gradient":""},"mobile":{"background-color":"","background-image":"","background-repeat":"repeat","background-position":"center center","background-size":"auto","background-attachment":"scroll","background-type":"","background-media":"","overlay-type":"","overlay-color":"","overlay-opacity":"","overlay-gradient":""}},"ast-content-background-meta":{"desktop":{"background-color":"var(--ast-global-color-4)","background-image":"","background-repeat":"repeat","background-position":"center center","background-size":"auto","background-attachment":"scroll","background-type":"","background-media":"","overlay-type":"","overlay-color":"","overlay-opacity":"","overlay-gradient":""},"tablet":{"background-color":"var(--ast-global-color-4)","background-image":"","background-repeat":"repeat","background-position":"center center","background-size":"auto","background-attachment":"scroll","background-type":"","background-media":"","overlay-type":"","overlay-color":"","overlay-opacity":"","overlay-gradient":""},"mobile":{"background-color":"var(--ast-global-color-4)","background-image":"","background-repeat":"repeat","background-position":"center center","background-size":"auto","background-attachment":"scroll","background-type":"","background-media":"","overlay-type":"","overlay-color":"","overlay-opacity":"","overlay-gradient":""}},"footnotes":""},"class_list":["post-277","page","type-page","status-publish","hentry"],"_links":{"self":[{"href":"https:\/\/markoja.hr\/en\/wp-json\/wp\/v2\/pages\/277","targetHints":{"allow":["GET"]}}],"collection":[{"href":"https:\/\/markoja.hr\/en\/wp-json\/wp\/v2\/pages"}],"about":[{"href":"https:\/\/markoja.hr\/en\/wp-json\/wp\/v2\/types\/page"}],"author":[{"embeddable":true,"href":"https:\/\/markoja.hr\/en\/wp-json\/wp\/v2\/users\/1"}],"replies":[{"embeddable":true,"href":"https:\/\/markoja.hr\/en\/wp-json\/wp\/v2\/comments?post=277"}],"version-history":[{"count":0,"href":"https:\/\/markoja.hr\/en\/wp-json\/wp\/v2\/pages\/277\/revisions"}],"wp:attachment":[{"href":"https:\/\/markoja.hr\/en\/wp-json\/wp\/v2\/media?parent=277"}],"curies":[{"name":"wp","href":"https:\/\/api.w.org\/{rel}","templated":true}]}}