{"id":279,"date":"2025-11-28T09:45:06","date_gmt":"2025-11-28T07:45:06","guid":{"rendered":"https:\/\/markoja.hr\/?page_id=279"},"modified":"2025-12-23T09:52:52","modified_gmt":"2025-12-23T07:52:52","slug":"politika-kolacica","status":"publish","type":"page","link":"https:\/\/markoja.hr\/en\/politika-kolacica\/","title":{"rendered":"Cookie Policy"},"content":{"rendered":"<div data-elementor-type=\"wp-page\" data-elementor-id=\"279\" class=\"elementor elementor-279\">\n\t\t\t\t<div class=\"elementor-element elementor-element-f9ba1fc e-con-full e-flex e-con e-parent\" data-id=\"f9ba1fc\" data-element_type=\"container\" data-settings=\"{&quot;background_background&quot;:&quot;classic&quot;}\">\n\t\t\t\t<div class=\"elementor-element elementor-element-a7018d7 elementor-widget__width-initial elementor-widget elementor-widget-heading\" data-id=\"a7018d7\" data-element_type=\"widget\" data-widget_type=\"heading.default\">\n\t\t\t\t\t<h2 class=\"elementor-heading-title elementor-size-default\">Cookie Policy<\/h2>\t\t\t\t<\/div>\n\t\t\t\t<div class=\"elementor-element elementor-element-aeee37e elementor-widget elementor-widget-image\" data-id=\"aeee37e\" data-element_type=\"widget\" data-widget_type=\"image.default\">\n\t\t\t\t\t\t\t\t\t\t\t\t<figure class=\"wp-caption\">\n\t\t\t\t\t\t\t\t\t\t<img fetchpriority=\"high\" decoding=\"async\" width=\"768\" height=\"430\" src=\"https:\/\/markoja.hr\/wp-content\/uploads\/2025\/11\/markoja_naslovna-scaled-1-1536x859-1-768x430.jpg\" class=\"attachment-medium_large size-medium_large wp-image-119\" alt=\"\" srcset=\"https:\/\/markoja.hr\/wp-content\/uploads\/2025\/11\/markoja_naslovna-scaled-1-1536x859-1-768x430.jpg 768w, https:\/\/markoja.hr\/wp-content\/uploads\/2025\/11\/markoja_naslovna-scaled-1-1536x859-1-300x168.jpg 300w, https:\/\/markoja.hr\/wp-content\/uploads\/2025\/11\/markoja_naslovna-scaled-1-1536x859-1-1024x573.jpg 1024w, https:\/\/markoja.hr\/wp-content\/uploads\/2025\/11\/markoja_naslovna-scaled-1-1536x859-1-18x10.jpg 18w, https:\/\/markoja.hr\/wp-content\/uploads\/2025\/11\/markoja_naslovna-scaled-1-1536x859-1.jpg 1536w\" sizes=\"(max-width: 768px) 100vw, 768px\" \/>\t\t\t\t\t\t\t\t\t\t\t<figcaption class=\"widget-image-caption wp-caption-text\">Foto: Markoja d.o.o.<\/figcaption>\n\t\t\t\t\t\t\t\t\t\t<\/figure>\n\t\t\t\t\t\t\t\t\t<\/div>\n\t\t\t\t<\/div>\n\t\t<div class=\"elementor-element elementor-element-1d56970 e-con-full e-flex e-con e-parent\" data-id=\"1d56970\" data-element_type=\"container\" data-settings=\"{&quot;background_background&quot;:&quot;classic&quot;}\">\n\t\t\t\t<div class=\"elementor-element elementor-element-85969d5 elementor-widget__width-initial elementor-widget elementor-widget-heading\" data-id=\"85969d5\" data-element_type=\"widget\" data-widget_type=\"heading.default\">\n\t\t\t\t\t<h3 class=\"elementor-heading-title elementor-size-default\">This is the Cookie Policy for the website www.markoja.hr.<\/h3>\t\t\t\t<\/div>\n\t\t\t\t<div class=\"elementor-element elementor-element-0037633 elementor-widget__width-initial elementor-widget elementor-widget-text-editor\" data-id=\"0037633\" data-element_type=\"widget\" data-widget_type=\"text-editor.default\">\n\t\t\t\t\t\t\t\t\t<div class=\"single__lead\"><div class=\"lead\"><div class=\"single__lead\"><div class=\"lead\"><h2 class=\"wp-block-heading\"><strong style=\"color: #6cc176;\">What Are Cookies?<\/strong><\/h2><p class=\"translation-block\">Cookies are small text files stored on your device (computer, smartphone, tablet, etc.) when you visit a website. When you revisit the site, cookies enable it to recognize you and improve your user experience.<\/p><p>This policy describes the cookies we use, how we use them, and how you can manage your settings. Disabling cookies may affect the functionality of the website.<\/p><h2 class=\"wp-block-heading\"><strong style=\"color: #6cc176;\">How and Which Types of Cookies Do We Use?<\/strong><\/h2><p>We use cookies to:<\/p><ul class=\"wp-block-list\"><li>improve user experience<\/li><li>analyze website usage<\/li><li>store user preferences.<\/li><\/ul><h3 class=\"wp-block-heading\"><strong style=\"color: #6cc176;\">Technical cookies (mandatory)<\/strong><\/h3><p>These cookies are essential for the proper functioning of the website and cannot be disabled. They are set in response to actions such as setting privacy preferences, logging in, or filling out forms.<\/p><h3 class=\"wp-block-heading\"><strong style=\"color: #6cc176;\">Functional cookies<\/strong><\/h3><p>These cookies enable enhanced functionality and personalization of the website. They may be set by us or third-party service providers. If you disable them, some functionalities may not work correctly.<\/p><p>This cookie statement was updated on 05\/03\/25:<\/p><\/div><\/div><\/div><\/div>\t\t\t\t\t\t\t\t<\/div>\n\t\t\t\t<div class=\"elementor-element elementor-element-e128c6b elementor-widget__width-initial elementor-widget-mobile__width-initial elementor-widget elementor-widget-text-editor\" data-id=\"e128c6b\" data-element_type=\"widget\" data-widget_type=\"text-editor.default\">\n\t\t\t\t\t\t\t\t\t<div class=\"single__lead\"><div class=\"lead\"><div class=\"single__lead\"><div class=\"lead\"><div style=\"overflow-x: auto; -webkit-overflow-scrolling: touch;\"><figure class=\"wp-block-table\"><table style=\"height: 113px; min-width: 700px; width: 100%;\" width=\"561\"><thead><tr><th>Domain<\/th><th>Name<\/th><th>Service Provider<\/th><th>Purpose<\/th><th>Duration<\/th><\/tr><\/thead><tbody><tr><td>.markoja.hr<\/td><td>_ga<\/td><td>Google Analytics<\/td><td>Website Analytics Tracking<\/td><td>400 days<\/td><\/tr><tr><td>.markoja.hr<\/td><td>_ga_6K5MV45JMC<\/td><td>Google Analytics<\/td><td>Website Analytics Tracking<\/td><td>400 days<\/td><\/tr><tr><td>markoja.hr<\/td><td>moove_gdpr_popup<\/td><td>WordPress (Moove GDPR plugin)<\/td><td>Stores user preferences regarding cookie consent (GDPR compliance)<\/td><td>365 days<\/td><\/tr><tr><td>markoja.hr<\/td><td>wordpress_test_cookie<\/td><td>WordPress<\/td><td>Checks if the user\u2019s browser supports cookies<\/td><td>Session<\/td><\/tr><tr><td>markoja.hr<\/td><td>wp_lang<\/td><td>WordPress<\/td><td>Stores user language preferences for the administrative interface<\/td><td>Session<\/td><\/tr><tr><td>markoja.hr<\/td><td>pll_language<\/td><td>Polylang<\/td><td>Remembers the user\u2019s selected language when returning to the website<\/td><td>365 days<\/td><\/tr><tr><td>markoja.hr<\/td><td>siteVisited<\/td><td>WordPress<\/td><td>Determines whether the user has previously visited the website<\/td><td>Session<\/td><\/tr><\/tbody><\/table><\/figure><\/div><\/div><\/div><\/div><\/div>\t\t\t\t\t\t\t\t<\/div>\n\t\t\t\t<div class=\"elementor-element elementor-element-2db83fd elementor-widget__width-initial elementor-widget elementor-widget-text-editor\" data-id=\"2db83fd\" data-element_type=\"widget\" data-widget_type=\"text-editor.default\">\n\t\t\t\t\t\t\t\t\t<div class=\"single__lead\"><div class=\"lead\"><div class=\"single__lead\"><div class=\"lead\"><h3 class=\"wp-block-heading\"><strong style=\"color: #6cc176;\">Marketing cookies<\/strong><\/h3><p>These cookies allow us to track visits and traffic sources to improve website performance. The information they collect is anonymous. If you disable them, we will not be able to track site visits.<\/p><h2 class=\"wp-block-heading\"><strong style=\"color: #6cc176;\">How Can You Disable Cookies?<\/strong><\/h2><p>You can disable cookies in your browser settings. Disabling cookies may affect the functionality of the website.<\/p><p>More information about cookies can be found at\u00a0<strong>www.allaboutcookies.org<\/strong>.<\/p><h2 class=\"wp-block-heading\"><strong style=\"color: #6cc176;\">Third-Party Cookies<\/strong><\/h2><p>Our website uses Google Analytics for anonymous traffic analysis. Google uses cookies to analyze how the site is used. More information about Google\u2019s privacy policy can be found\u00a0<a style=\"color: #6cc176;\" href=\"https:\/\/policies.google.com\/privacy?hl=en-US\" data-type=\"link\" data-id=\"https:\/\/policies.google.com\/privacy?hl=hr\"><u>here<\/u><\/a>.<\/p><h2 class=\"wp-block-heading\"><strong style=\"color: #6cc176;\">Changes to the Cookie Policy<\/strong><\/h2><p>Any changes to this policy will be published on the website\u00a0<strong>www.markoja.hr<\/strong>.<\/p><\/div><\/div><\/div><\/div>\t\t\t\t\t\t\t\t<\/div>\n\t\t\t\t<\/div>\n\t\t<div class=\"elementor-element elementor-element-64d80cb e-con-full e-flex e-con e-parent\" data-id=\"64d80cb\" data-element_type=\"container\" id=\"container-numbers\" data-settings=\"{&quot;background_background&quot;:&quot;video&quot;,&quot;background_video_link&quot;:&quot;https:\\\/\\\/markoja.hr\\\/wp-content\\\/uploads\\\/2025\\\/11\\\/markoja2.mp4&quot;,&quot;background_play_on_mobile&quot;:&quot;yes&quot;}\">\n\t\t<div class=\"elementor-background-video-container\">\n\t\t\t\t\t\t\t<video class=\"elementor-background-video-hosted\" role=\"presentation\" autoplay muted playsinline loop><\/video>\n\t\t\t\t\t<\/div>\t\t<div class=\"elementor-element elementor-element-e1eee27 elementor-widget elementor-widget-heading\" data-id=\"e1eee27\" data-element_type=\"widget\" data-widget_type=\"heading.default\">\n\t\t\t\t\t<h2 class=\"elementor-heading-title elementor-size-default\">We're proud of our...<\/h2>\t\t\t\t<\/div>\n\t\t<div class=\"elementor-element elementor-element-502e03a e-grid e-con-boxed e-con e-child\" data-id=\"502e03a\" data-element_type=\"container\">\n\t\t\t\t\t<div class=\"e-con-inner\">\n\t\t<div class=\"elementor-element elementor-element-cb78f2f e-con-full e-flex e-con e-child\" data-id=\"cb78f2f\" data-element_type=\"container\">\n\t\t\t\t<div class=\"elementor-element elementor-element-3cde11f elementor-widget elementor-widget-image\" data-id=\"3cde11f\" data-element_type=\"widget\" data-widget_type=\"image.default\">\n\t\t\t\t\t\t\t\t\t\t\t\t\t\t\t<img decoding=\"async\" width=\"64\" height=\"64\" src=\"https:\/\/markoja.hr\/wp-content\/uploads\/2025\/11\/icon.png\" class=\"attachment-large size-large wp-image-32\" alt=\"\" srcset=\"https:\/\/markoja.hr\/wp-content\/uploads\/2025\/11\/icon.png 64w, https:\/\/markoja.hr\/wp-content\/uploads\/2025\/11\/icon-12x12.png 12w\" sizes=\"(max-width: 64px) 100vw, 64px\" \/>\t\t\t\t\t\t\t\t\t\t\t\t\t\t\t<\/div>\n\t\t\t\t<div class=\"elementor-element elementor-element-c0b6386 elementor-widget elementor-widget-heading\" data-id=\"c0b6386\" data-element_type=\"widget\" id=\"number-1\" data-widget_type=\"heading.default\">\n\t\t\t\t\t<h2 class=\"elementor-heading-title elementor-size-default\">150 +<\/h2>\t\t\t\t<\/div>\n\t\t\t\t<div class=\"elementor-element elementor-element-6672933 elementor-widget__width-initial elementor-widget elementor-widget-text-editor\" data-id=\"6672933\" data-element_type=\"widget\" data-widget_type=\"text-editor.default\">\n\t\t\t\t\t\t\t\t\t<div class=\"itembox__inner\"><div class=\"itembox__name\"><p>clients<\/p><\/div><\/div>\t\t\t\t\t\t\t\t<\/div>\n\t\t\t\t<\/div>\n\t\t<div class=\"elementor-element elementor-element-b3d9062 e-con-full e-flex e-con e-child\" data-id=\"b3d9062\" data-element_type=\"container\">\n\t\t\t\t<div class=\"elementor-element elementor-element-f1879c4 elementor-widget elementor-widget-image\" data-id=\"f1879c4\" data-element_type=\"widget\" data-widget_type=\"image.default\">\n\t\t\t\t\t\t\t\t\t\t\t\t\t\t\t<img decoding=\"async\" width=\"64\" height=\"64\" src=\"https:\/\/markoja.hr\/wp-content\/uploads\/2025\/11\/icon.png\" class=\"attachment-large size-large wp-image-32\" alt=\"\" srcset=\"https:\/\/markoja.hr\/wp-content\/uploads\/2025\/11\/icon.png 64w, https:\/\/markoja.hr\/wp-content\/uploads\/2025\/11\/icon-12x12.png 12w\" sizes=\"(max-width: 64px) 100vw, 64px\" \/>\t\t\t\t\t\t\t\t\t\t\t\t\t\t\t<\/div>\n\t\t\t\t<div class=\"elementor-element elementor-element-c7d0490 elementor-widget elementor-widget-heading\" data-id=\"c7d0490\" data-element_type=\"widget\" id=\"number-2\" data-widget_type=\"heading.default\">\n\t\t\t\t\t<h2 class=\"elementor-heading-title elementor-size-default\">60 +<\/h2>\t\t\t\t<\/div>\n\t\t\t\t<div class=\"elementor-element elementor-element-4a0040f elementor-widget__width-initial elementor-widget elementor-widget-text-editor\" data-id=\"4a0040f\" data-element_type=\"widget\" data-widget_type=\"text-editor.default\">\n\t\t\t\t\t\t\t\t\t<div class=\"itembox__inner\"><div class=\"itembox__name\"><p>employees<\/p><\/div><\/div>\t\t\t\t\t\t\t\t<\/div>\n\t\t\t\t<\/div>\n\t\t<div class=\"elementor-element elementor-element-49a0798 e-con-full e-flex e-con e-child\" data-id=\"49a0798\" data-element_type=\"container\">\n\t\t\t\t<div class=\"elementor-element elementor-element-9553632 elementor-widget elementor-widget-image\" data-id=\"9553632\" data-element_type=\"widget\" data-widget_type=\"image.default\">\n\t\t\t\t\t\t\t\t\t\t\t\t\t\t\t<img decoding=\"async\" width=\"64\" height=\"64\" src=\"https:\/\/markoja.hr\/wp-content\/uploads\/2025\/11\/icon.png\" class=\"attachment-large size-large wp-image-32\" alt=\"\" srcset=\"https:\/\/markoja.hr\/wp-content\/uploads\/2025\/11\/icon.png 64w, https:\/\/markoja.hr\/wp-content\/uploads\/2025\/11\/icon-12x12.png 12w\" sizes=\"(max-width: 64px) 100vw, 64px\" \/>\t\t\t\t\t\t\t\t\t\t\t\t\t\t\t<\/div>\n\t\t\t\t<div class=\"elementor-element elementor-element-20c28bf elementor-widget elementor-widget-heading\" data-id=\"20c28bf\" data-element_type=\"widget\" id=\"number-3\" data-widget_type=\"heading.default\">\n\t\t\t\t\t<h2 class=\"elementor-heading-title elementor-size-default\">30<\/h2>\t\t\t\t<\/div>\n\t\t\t\t<div class=\"elementor-element elementor-element-e216c2a elementor-widget__width-initial elementor-widget elementor-widget-text-editor\" data-id=\"e216c2a\" data-element_type=\"widget\" data-widget_type=\"text-editor.default\">\n\t\t\t\t\t\t\t\t\t<div class=\"itembox__inner\"><div class=\"itembox__name\"><p>years of doing business<\/p><\/div><\/div>\t\t\t\t\t\t\t\t<\/div>\n\t\t\t\t<\/div>\n\t\t\t\t\t<\/div>\n\t\t\t\t<\/div>\n\t\t\t\t<div class=\"elementor-element elementor-element-88bbfe9 elementor-widget elementor-widget-html\" data-id=\"88bbfe9\" data-element_type=\"widget\" data-widget_type=\"html.default\">\n\t\t\t\t\t<script>\r\nfunction animateNumberEaseOut(element, target, duration, addPlus = false) {\r\n    const startTime = performance.now();\r\n\r\n    function update(currentTime) {\r\n        const elapsed = currentTime - startTime;\r\n        const progress = Math.min(elapsed \/ duration, 1); \r\n        const easedProgress = 1 - Math.pow(1 - progress, 3);\r\n        const currentValue = Math.floor(easedProgress * target);\r\n        element.textContent = currentValue + (addPlus && currentValue === target ? ' +' : '');\r\n        if(progress < 1) requestAnimationFrame(update);\r\n    }\r\n\r\n    requestAnimationFrame(update);\r\n}\r\n\r\nfunction waitForCounters(container, callback) {\r\n    const interval = setInterval(() => {\r\n        const h2Elements = container.querySelectorAll('h2.elementor-heading-title');\r\n        if(h2Elements.length >= 3) {\r\n            clearInterval(interval);\r\n            callback(h2Elements);\r\n        }\r\n    }, 100);\r\n}\r\n\r\nfunction startCounters() {\r\n    const container = document.getElementById('container-numbers');\r\n    if(!container) return;\r\n\r\n    waitForCounters(container, (h2Elements) => {\r\n        const counters = [\r\n            {element: h2Elements[1], target: 150, plus: true},\r\n            {element: h2Elements[2], target: 60, plus: true},\r\n            {element: h2Elements[3], target: 30, plus: false}\r\n        ];\r\n\r\n        counters.forEach(counter => {\r\n            if(counter.element) {\r\n                counter.element.textContent = counter.element.textContent.replace(\/\\D\/g,'');\r\n                animateNumberEaseOut(counter.element, counter.target, 2000, counter.plus);\r\n            }\r\n        });\r\n    });\r\n}\r\n\r\ndocument.addEventListener(\"DOMContentLoaded\", function() {\r\n    const container = document.getElementById('container-numbers');\r\n    if(!container) return;\r\n\r\n    const observer = new IntersectionObserver((entries, observer) => {\r\n        entries.forEach(entry => {\r\n            if(entry.isIntersecting) {\r\n                startCounters();\r\n                observer.unobserve(container);\r\n            }\r\n        });\r\n    }, { threshold: 0.5 });\r\n\r\n    observer.observe(container);\r\n});\r\n<\/script>\r\n\t\t\t\t<\/div>\n\t\t\t\t<\/div>\n\t\t\t\t<\/div>","protected":false},"excerpt":{"rendered":"<p>Politika kola\u010di\u0107a Foto: Markoja d.o.o. Ovo je Politika upotrebe kola\u010di\u0107a na web stranici www.markoja.hr. \u0160to su kola\u010di\u0107i? Kola\u010di\u0107i (cookies) su [&hellip;]<\/p>","protected":false},"author":1,"featured_media":0,"parent":0,"menu_order":0,"comment_status":"closed","ping_status":"closed","template":"elementor_header_footer","meta":{"site-sidebar-layout":"no-sidebar","site-content-layout":"","ast-site-content-layout":"full-width-container","site-content-style":"default","site-sidebar-style":"default","ast-global-header-display":"","ast-banner-title-visibility":"","ast-main-header-display":"","ast-hfb-above-header-display":"","ast-hfb-below-header-display":"","ast-hfb-mobile-header-display":"","site-post-title":"disabled","ast-breadcrumbs-content":"","ast-featured-img":"disabled","footer-sml-layout":"","ast-disable-related-posts":"","theme-transparent-header-meta":"","adv-header-id-meta":"","stick-header-meta":"","header-above-stick-meta":"","header-main-stick-meta":"","header-below-stick-meta":"","astra-migrate-meta-layouts":"default","ast-page-background-enabled":"default","ast-page-background-meta":{"desktop":{"background-color":"var(--ast-global-color-5)","background-image":"","background-repeat":"repeat","background-position":"center center","background-size":"auto","background-attachment":"scroll","background-type":"","background-media":"","overlay-type":"","overlay-color":"","overlay-opacity":"","overlay-gradient":""},"tablet":{"background-color":"","background-image":"","background-repeat":"repeat","background-position":"center center","background-size":"auto","background-attachment":"scroll","background-type":"","background-media":"","overlay-type":"","overlay-color":"","overlay-opacity":"","overlay-gradient":""},"mobile":{"background-color":"","background-image":"","background-repeat":"repeat","background-position":"center center","background-size":"auto","background-attachment":"scroll","background-type":"","background-media":"","overlay-type":"","overlay-color":"","overlay-opacity":"","overlay-gradient":""}},"ast-content-background-meta":{"desktop":{"background-color":"var(--ast-global-color-4)","background-image":"","background-repeat":"repeat","background-position":"center center","background-size":"auto","background-attachment":"scroll","background-type":"","background-media":"","overlay-type":"","overlay-color":"","overlay-opacity":"","overlay-gradient":""},"tablet":{"background-color":"var(--ast-global-color-4)","background-image":"","background-repeat":"repeat","background-position":"center center","background-size":"auto","background-attachment":"scroll","background-type":"","background-media":"","overlay-type":"","overlay-color":"","overlay-opacity":"","overlay-gradient":""},"mobile":{"background-color":"var(--ast-global-color-4)","background-image":"","background-repeat":"repeat","background-position":"center center","background-size":"auto","background-attachment":"scroll","background-type":"","background-media":"","overlay-type":"","overlay-color":"","overlay-opacity":"","overlay-gradient":""}},"footnotes":""},"class_list":["post-279","page","type-page","status-publish","hentry"],"_links":{"self":[{"href":"https:\/\/markoja.hr\/en\/wp-json\/wp\/v2\/pages\/279","targetHints":{"allow":["GET"]}}],"collection":[{"href":"https:\/\/markoja.hr\/en\/wp-json\/wp\/v2\/pages"}],"about":[{"href":"https:\/\/markoja.hr\/en\/wp-json\/wp\/v2\/types\/page"}],"author":[{"embeddable":true,"href":"https:\/\/markoja.hr\/en\/wp-json\/wp\/v2\/users\/1"}],"replies":[{"embeddable":true,"href":"https:\/\/markoja.hr\/en\/wp-json\/wp\/v2\/comments?post=279"}],"version-history":[{"count":0,"href":"https:\/\/markoja.hr\/en\/wp-json\/wp\/v2\/pages\/279\/revisions"}],"wp:attachment":[{"href":"https:\/\/markoja.hr\/en\/wp-json\/wp\/v2\/media?parent=279"}],"curies":[{"name":"wp","href":"https:\/\/api.w.org\/{rel}","templated":true}]}}