{"id":99,"date":"2025-11-27T10:38:29","date_gmt":"2025-11-27T08:38:29","guid":{"rendered":"https:\/\/markoja.hr\/?page_id=99"},"modified":"2025-12-22T13:18:12","modified_gmt":"2025-12-22T11:18:12","slug":"odjeli","status":"publish","type":"page","link":"https:\/\/markoja.hr\/en\/odjeli\/","title":{"rendered":"Departments"},"content":{"rendered":"<div data-elementor-type=\"wp-page\" data-elementor-id=\"99\" class=\"elementor elementor-99\">\n\t\t\t\t<div class=\"elementor-element elementor-element-3516b94 e-con-full e-flex e-con e-parent\" data-id=\"3516b94\" data-element_type=\"container\" data-settings=\"{&quot;background_background&quot;:&quot;classic&quot;}\">\n\t\t<div class=\"elementor-element elementor-element-1327add e-con-full e-flex e-con e-child\" data-id=\"1327add\" data-element_type=\"container\" id=\"section--1\" data-settings=\"{&quot;background_background&quot;:&quot;classic&quot;}\">\n\t\t<div class=\"elementor-element elementor-element-65f3238 e-con-full e-flex e-con e-child\" data-id=\"65f3238\" data-element_type=\"container\" data-settings=\"{&quot;background_background&quot;:&quot;classic&quot;}\">\n\t\t\t\t<\/div>\n\t\t<div class=\"elementor-element elementor-element-26ce94a e-con-full e-flex e-con e-child\" data-id=\"26ce94a\" data-element_type=\"container\">\n\t\t\t\t<div class=\"elementor-element elementor-element-12f37c7 elementor-widget elementor-widget-text-editor\" data-id=\"12f37c7\" data-element_type=\"widget\" data-widget_type=\"text-editor.default\">\n\t\t\t\t\t\t\t\t\t<div class=\"title title--small color--prim\" style=\"color: #6cc176;\">Fiber Optics Solutions<\/div><p>\u201cTurnkey\u201d technical solutions and consultancy relating to optical communication and generic cabling.<\/p><p>\u2014 Design and construction of ODN (optical distribution network) connecting the central office and end consumers<br \/>\u2014 Telecommunications cable systems \u2013 FTTH (central office, distribution nodes, threads, etc.), FTTA<br \/>\u2014 Measurement and certification of fiber optics and copper networks<br \/>\u2014 Design of generic LAN cable systems<\/p><p>Together with comprehensive technical solutions, installation and connection of fiber optic cables for cross-linking according to specific non-standard customer demands<\/p><p>Implementation<br \/>\u2014 Telecommunications networks<br \/>\u2014 Business computer networks<br \/>\u2014 Remote control, measurement and tracking of industrial processes<br \/>\u2014 Video surveillance<br \/>\u2014 Fire prevention and control<br \/>\u2014 IPTV fiber optic networks<br \/>\u2014 Traffic regulation<br \/>\u2014 Video and audio technology<br \/>\u2014 Measurements in civil engineering<\/p><div class=\"title title--small color--prim\" style=\"color: #6cc176;\">Radio Frequency Solutions<\/div><p>Wide range of radio communications solutions across various frequency bands, capacities and applications \u2013 from private mobile networks, broadband radio access systems, 4G networks, microwave radio systems, telemetry systems (SCADA) to antennas and power supply systems.<\/p><p>\u2014 Radio and telecommunications system and network solutions (DMR, TETRA, microwave, LTE, 5G), including conceptual and technical design and documentation<br \/>\u2014 Installation and launch of private mobile networks, microwave links, and base stations<br \/>\u2014 Replacement, expansion, and optimization of base stations<br \/>\u2014 System control, measurement, and maintenance<br \/>\u2014 Consultancy and technical support<\/p><p>Together with comprehensive technical solutions, installation and connection of fiber optic cables for cross-linking according to specific non-standard customer demands<\/p><p>Implementation<br \/>\u2014 Fixed and mobile wireless networks<br \/>\u2014 Network operators<br \/>\u2014 Independent private wireless networks<br \/>\u2014 Microwave radio systems<br \/>\u2014 Broadband radio access systems<br \/>\u2014 Antennas and antenna systems<br \/>\u2014 Power supply systems and converters<\/p>\t\t\t\t\t\t\t\t<\/div>\n\t\t\t\t<\/div>\n\t\t\t\t<\/div>\n\t\t\t\t<\/div>\n\t\t<div class=\"elementor-element elementor-element-794c1ff e-con-full e-flex e-con e-parent\" data-id=\"794c1ff\" data-element_type=\"container\" data-settings=\"{&quot;background_background&quot;:&quot;classic&quot;}\">\n\t\t<div class=\"elementor-element elementor-element-c72fa9a e-con-full e-flex e-con e-child\" data-id=\"c72fa9a\" data-element_type=\"container\" id=\"section--2\" data-settings=\"{&quot;background_background&quot;:&quot;classic&quot;}\">\n\t\t<div class=\"elementor-element elementor-element-8ab623b e-con-full e-flex e-con e-child\" data-id=\"8ab623b\" data-element_type=\"container\">\n\t\t\t\t<\/div>\n\t\t<div class=\"elementor-element elementor-element-81662b9 e-con-full e-flex e-con e-child\" data-id=\"81662b9\" data-element_type=\"container\">\n\t\t\t\t<div class=\"elementor-element elementor-element-8055df1 elementor-widget elementor-widget-text-editor\" data-id=\"8055df1\" data-element_type=\"widget\" data-widget_type=\"text-editor.default\">\n\t\t\t\t\t\t\t\t\t<div class=\"title title--small color--prim\"><div class=\"title title--small color--prim\" style=\"color: #6cc176;\">Advanced measurement, control, and management solutions in the energy\/utilities sector, construction and industry.<\/div><p>Process instrumentation:<br \/>\u2014 Water quality measurement<br \/>\u2014 Water level and pressure measurement<br \/>\u2014 Water flow measurement<\/p><p>Industrial process automation:<br \/>\u2014 Production of control and switch cabinets<br \/>\u2014 Development of automated management, control, and security systems<br \/>\u2014 PLC programming<br \/>\u2014 HMI design<br \/>\u2014 SCADA<br \/>\u2014 Preparation of project documentation<br \/>\u2014 Commissioning and maintenance services<\/p><p>Critical infrastructure monitoring:<br \/>\u2014 Technical monitoring of facilities of national importance: dams and reservoirs, tunnels, bridges and viaducts, railway and water embankments, offshore platforms, and other systems<br \/>\u2014 Automated real-time monitoring<br \/>\u2014 Installation of technical instrumentation as well as manual and automated measurements of process parameters (displacement, inclination, rotation, temperature, pressure, water level, vibrations, etc.)<br \/>\u2014 Online monitoring \u2013 integration of measured data into a unique on-premises or cloud software, displayed via website<\/p><\/div>\t\t\t\t\t\t\t\t<\/div>\n\t\t\t\t<\/div>\n\t\t\t\t<\/div>\n\t\t<div class=\"elementor-element elementor-element-fda1817 e-con-full e-flex e-con e-child\" data-id=\"fda1817\" data-element_type=\"container\" id=\"section--3\" data-settings=\"{&quot;background_background&quot;:&quot;classic&quot;}\">\n\t\t<div class=\"elementor-element elementor-element-11e3665 e-con-full e-flex e-con e-child\" data-id=\"11e3665\" data-element_type=\"container\">\n\t\t\t\t<\/div>\n\t\t<div class=\"elementor-element elementor-element-1ca8bbe e-con-full e-flex e-con e-child\" data-id=\"1ca8bbe\" data-element_type=\"container\">\n\t\t\t\t<div class=\"elementor-element elementor-element-18cf0e2 elementor-widget elementor-widget-text-editor\" data-id=\"18cf0e2\" data-element_type=\"widget\" data-widget_type=\"text-editor.default\">\n\t\t\t\t\t\t\t\t\t<div class=\"title title--small color--prim\"><div class=\"title title--small color--prim\" style=\"color: #6cc176;\">Boosting growth through digital transformation, 5G, MEC, AI and IoT via new and unconventional business models.<\/div><div>\u00a0<\/div><div>Innovative projects:<\/div><p>\u2014\u00a05G.hr, profesionalni 5G treninzi, 4G\/5G mre\u017ee, privatne 4G\/5G mre\u017ee<br \/>\u2014 MEC (Mobile Edge Computing)<br \/>\u2014 IoT platforms and IoT sensor technology<br \/>\u2014 Critical communications: PMR, PoC<br \/>\u2014 Smart city solutions (smart ports, smart manufacturing, smart shipyards\u2026)\u00a0<em>low- carbon<\/em>\u00a0wooden-structured telecom towers<br \/>\u2014 Projects incentivized by European Structural and Investment Funds<\/p><div>\u2014 Intensive cooperation with the academia \u2013 Faculty of Electrical Engineering and Computing of the University of Zagreb<\/div><\/div>\t\t\t\t\t\t\t\t<\/div>\n\t\t\t\t<\/div>\n\t\t\t\t<\/div>\n\t\t<div class=\"elementor-element elementor-element-3b0bdc6 e-con-full e-flex e-con e-child\" data-id=\"3b0bdc6\" data-element_type=\"container\" id=\"section--4\" data-settings=\"{&quot;background_background&quot;:&quot;classic&quot;}\">\n\t\t<div class=\"elementor-element elementor-element-5206aaf e-con-full e-flex e-con e-child\" data-id=\"5206aaf\" data-element_type=\"container\">\n\t\t\t\t<\/div>\n\t\t<div class=\"elementor-element elementor-element-afa6e38 e-con-full e-flex e-con e-child\" data-id=\"afa6e38\" data-element_type=\"container\">\n\t\t\t\t<div class=\"elementor-element elementor-element-ce9a9e6 elementor-widget elementor-widget-text-editor\" data-id=\"ce9a9e6\" data-element_type=\"widget\" data-widget_type=\"text-editor.default\">\n\t\t\t\t\t\t\t\t\t<div class=\"title title--small color--prim\">\n<div class=\"title title--small color--prim\" style=\"color: #6cc176;\">Design and development of custom modules, devices and software solutions for telemetry and automation in industrial applications.<\/div>\n<p>\u2014 Development and production of communication and telemetry devices (data loggers, protocol converters, modems, etc.)<br>\n\u2014 Development and production of IoT devices<br>\n\u2014 Development and integration of software solutions for telemetry, metrology, and industrial IoT using state-of-the-art multiplatform technologies such as .Net and NodeJS<br>\n\u2014 Development and integration of complete solutions using ICTs such as Wi-Fi, Ethernet, 4G LTE, LoRaWAN, MQTT, NB-IoT, Zigbee, Bluetooth, UHF\u2026<br>\n\u2014 Design and implementation of indoor and outdoor air quality monitors (MESH iAQ and Outdoor AQI)<br>\n\u2014 Development and integration of industrial systems according to client-specific needs<\/p>\n<\/div>\t\t\t\t\t\t\t\t<\/div>\n\t\t\t\t<\/div>\n\t\t\t\t<\/div>\n\t\t<div class=\"elementor-element elementor-element-4c73fe8 e-con-full e-flex e-con e-child\" data-id=\"4c73fe8\" data-element_type=\"container\" id=\"section--5\" data-settings=\"{&quot;background_background&quot;:&quot;classic&quot;}\">\n\t\t<div class=\"elementor-element elementor-element-9391843 e-con-full e-flex e-con e-child\" data-id=\"9391843\" data-element_type=\"container\">\n\t\t\t\t<\/div>\n\t\t<div class=\"elementor-element elementor-element-535ce51 e-con-full e-flex e-con e-child\" data-id=\"535ce51\" data-element_type=\"container\">\n\t\t\t\t<div class=\"elementor-element elementor-element-74f9036 elementor-widget elementor-widget-text-editor\" data-id=\"74f9036\" data-element_type=\"widget\" data-widget_type=\"text-editor.default\">\n\t\t\t\t\t\t\t\t\t<div class=\"title title--small color--prim\">\n<div class=\"title title--small color--prim\" style=\"color: #6cc176;\">Wide range of services in the area of construction and maintenance of telecommunications and automation equipment.<\/div>\n<p>\u2014 Turnkey construction of fiber-optic networks<br>\n\u2014 LAN installation<br>\n\u2014 Installation of ODF systems<br>\n\u2014 Assembly of fiber-optic cables<br>\n\u2014 Installation and implementation of RF communications systems<br>\n\u2014 Installation of base stations for cellular and transmission systems<br>\n\u2014 Base station replacement, upgrade and optimization<br>\n\u2014 Installation and implementation of electrical and telecommunications components for data centers<br>\n\u2014 Water level gauge installation<br>\n\u2014 Installation and implementation of infrastructural elements of 2D tomography<br>\n\u2014 Installation and implementation of process instrumentation and automation<br>\n\u2014 Manufacturing, testing and installation of electrical, automation, and remote control cabinets<br>\n\u2014 Installation of measuring and detection equipment in industrial plants<br>\n\u2014 Installations for reception and distribution of measuring and detection equipment data<br>\n\u2014 Measurement and delivery of final certificates of measurement for fiber-optic networks and LAN<br>\n\u2014 Consulting, education and technical support<\/p>\n<\/div>\t\t\t\t\t\t\t\t<\/div>\n\t\t\t\t<\/div>\n\t\t\t\t<\/div>\n\t\t\t\t<\/div>\n\t\t<div class=\"elementor-element elementor-element-106c207 e-con-full e-flex e-con e-parent\" data-id=\"106c207\" data-element_type=\"container\" id=\"container-numbers\" data-settings=\"{&quot;background_background&quot;:&quot;video&quot;,&quot;background_video_link&quot;:&quot;https:\\\/\\\/markoja.hr\\\/wp-content\\\/uploads\\\/2025\\\/11\\\/markoja2.mp4&quot;,&quot;background_play_on_mobile&quot;:&quot;yes&quot;}\">\n\t\t<div class=\"elementor-background-video-container\">\n\t\t\t\t\t\t\t<video class=\"elementor-background-video-hosted\" role=\"presentation\" autoplay muted playsinline loop><\/video>\n\t\t\t\t\t<\/div>\t\t<div class=\"elementor-element elementor-element-4af6708 elementor-widget elementor-widget-heading\" data-id=\"4af6708\" data-element_type=\"widget\" data-widget_type=\"heading.default\">\n\t\t\t\t\t<h2 class=\"elementor-heading-title elementor-size-default\">We're proud of our...<\/h2>\t\t\t\t<\/div>\n\t\t<div class=\"elementor-element elementor-element-68e9de6 e-grid e-con-boxed e-con e-child\" data-id=\"68e9de6\" data-element_type=\"container\">\n\t\t\t\t\t<div class=\"e-con-inner\">\n\t\t<div class=\"elementor-element elementor-element-593e9ef e-con-full e-flex e-con e-child\" data-id=\"593e9ef\" data-element_type=\"container\">\n\t\t\t\t<div class=\"elementor-element elementor-element-62d752a elementor-widget elementor-widget-image\" data-id=\"62d752a\" data-element_type=\"widget\" data-widget_type=\"image.default\">\n\t\t\t\t\t\t\t\t\t\t\t\t\t\t\t<img decoding=\"async\" width=\"64\" height=\"64\" src=\"https:\/\/markoja.hr\/wp-content\/uploads\/2025\/11\/icon.png\" class=\"attachment-large size-large wp-image-32\" alt=\"\" srcset=\"https:\/\/markoja.hr\/wp-content\/uploads\/2025\/11\/icon.png 64w, https:\/\/markoja.hr\/wp-content\/uploads\/2025\/11\/icon-12x12.png 12w\" sizes=\"(max-width: 64px) 100vw, 64px\" \/>\t\t\t\t\t\t\t\t\t\t\t\t\t\t\t<\/div>\n\t\t\t\t<div class=\"elementor-element elementor-element-ab197f2 elementor-widget elementor-widget-heading\" data-id=\"ab197f2\" data-element_type=\"widget\" id=\"number-1\" data-widget_type=\"heading.default\">\n\t\t\t\t\t<h2 class=\"elementor-heading-title elementor-size-default\">150 +<\/h2>\t\t\t\t<\/div>\n\t\t\t\t<div class=\"elementor-element elementor-element-f4fb907 elementor-widget__width-initial elementor-widget elementor-widget-text-editor\" data-id=\"f4fb907\" data-element_type=\"widget\" data-widget_type=\"text-editor.default\">\n\t\t\t\t\t\t\t\t\t<div class=\"itembox__inner\"><div class=\"itembox__name\"><p>clients<\/p><\/div><\/div>\t\t\t\t\t\t\t\t<\/div>\n\t\t\t\t<\/div>\n\t\t<div class=\"elementor-element elementor-element-3fed60c e-con-full e-flex e-con e-child\" data-id=\"3fed60c\" data-element_type=\"container\">\n\t\t\t\t<div class=\"elementor-element elementor-element-3302cff elementor-widget elementor-widget-image\" data-id=\"3302cff\" data-element_type=\"widget\" data-widget_type=\"image.default\">\n\t\t\t\t\t\t\t\t\t\t\t\t\t\t\t<img decoding=\"async\" width=\"64\" height=\"64\" src=\"https:\/\/markoja.hr\/wp-content\/uploads\/2025\/11\/icon.png\" class=\"attachment-large size-large wp-image-32\" alt=\"\" srcset=\"https:\/\/markoja.hr\/wp-content\/uploads\/2025\/11\/icon.png 64w, https:\/\/markoja.hr\/wp-content\/uploads\/2025\/11\/icon-12x12.png 12w\" sizes=\"(max-width: 64px) 100vw, 64px\" \/>\t\t\t\t\t\t\t\t\t\t\t\t\t\t\t<\/div>\n\t\t\t\t<div class=\"elementor-element elementor-element-7e93d8e elementor-widget elementor-widget-heading\" data-id=\"7e93d8e\" data-element_type=\"widget\" id=\"number-2\" data-widget_type=\"heading.default\">\n\t\t\t\t\t<h2 class=\"elementor-heading-title elementor-size-default\">60 +<\/h2>\t\t\t\t<\/div>\n\t\t\t\t<div class=\"elementor-element elementor-element-ef3bd14 elementor-widget__width-initial elementor-widget elementor-widget-text-editor\" data-id=\"ef3bd14\" data-element_type=\"widget\" data-widget_type=\"text-editor.default\">\n\t\t\t\t\t\t\t\t\t<div class=\"itembox__inner\"><div class=\"itembox__name\"><p>employees<\/p><\/div><\/div>\t\t\t\t\t\t\t\t<\/div>\n\t\t\t\t<\/div>\n\t\t<div class=\"elementor-element elementor-element-7e03f9d e-con-full e-flex e-con e-child\" data-id=\"7e03f9d\" data-element_type=\"container\">\n\t\t\t\t<div class=\"elementor-element elementor-element-3d8a815 elementor-widget elementor-widget-image\" data-id=\"3d8a815\" data-element_type=\"widget\" data-widget_type=\"image.default\">\n\t\t\t\t\t\t\t\t\t\t\t\t\t\t\t<img decoding=\"async\" width=\"64\" height=\"64\" src=\"https:\/\/markoja.hr\/wp-content\/uploads\/2025\/11\/icon.png\" class=\"attachment-large size-large wp-image-32\" alt=\"\" srcset=\"https:\/\/markoja.hr\/wp-content\/uploads\/2025\/11\/icon.png 64w, https:\/\/markoja.hr\/wp-content\/uploads\/2025\/11\/icon-12x12.png 12w\" sizes=\"(max-width: 64px) 100vw, 64px\" \/>\t\t\t\t\t\t\t\t\t\t\t\t\t\t\t<\/div>\n\t\t\t\t<div class=\"elementor-element elementor-element-a79603c elementor-widget elementor-widget-heading\" data-id=\"a79603c\" data-element_type=\"widget\" id=\"number-3\" data-widget_type=\"heading.default\">\n\t\t\t\t\t<h2 class=\"elementor-heading-title elementor-size-default\">30<\/h2>\t\t\t\t<\/div>\n\t\t\t\t<div class=\"elementor-element elementor-element-445cd9b elementor-widget__width-initial elementor-widget elementor-widget-text-editor\" data-id=\"445cd9b\" data-element_type=\"widget\" data-widget_type=\"text-editor.default\">\n\t\t\t\t\t\t\t\t\t<div class=\"itembox__inner\"><div class=\"itembox__name\"><p>years of doing business<\/p><\/div><\/div>\t\t\t\t\t\t\t\t<\/div>\n\t\t\t\t<\/div>\n\t\t\t\t\t<\/div>\n\t\t\t\t<\/div>\n\t\t\t\t<div class=\"elementor-element elementor-element-e03cdc0 elementor-widget elementor-widget-html\" data-id=\"e03cdc0\" data-element_type=\"widget\" data-widget_type=\"html.default\">\n\t\t\t\t\t<script>\r\nfunction animateNumberEaseOut(element, target, duration, addPlus = false) {\r\n    const startTime = performance.now();\r\n\r\n    function update(currentTime) {\r\n        const elapsed = currentTime - startTime;\r\n        const progress = Math.min(elapsed \/ duration, 1); \r\n        const easedProgress = 1 - Math.pow(1 - progress, 3);\r\n        const currentValue = Math.floor(easedProgress * target);\r\n        element.textContent = currentValue + (addPlus && currentValue === target ? ' +' : '');\r\n        if(progress < 1) requestAnimationFrame(update);\r\n    }\r\n\r\n    requestAnimationFrame(update);\r\n}\r\n\r\nfunction waitForCounters(container, callback) {\r\n    const interval = setInterval(() => {\r\n        const h2Elements = container.querySelectorAll('h2.elementor-heading-title');\r\n        if(h2Elements.length >= 3) {\r\n            clearInterval(interval);\r\n            callback(h2Elements);\r\n        }\r\n    }, 100);\r\n}\r\n\r\nfunction startCounters() {\r\n    const container = document.getElementById('container-numbers');\r\n    if(!container) return;\r\n\r\n    waitForCounters(container, (h2Elements) => {\r\n        const counters = [\r\n            {element: h2Elements[1], target: 150, plus: true},\r\n            {element: h2Elements[2], target: 60, plus: true},\r\n            {element: h2Elements[3], target: 30, plus: false}\r\n        ];\r\n\r\n        counters.forEach(counter => {\r\n            if(counter.element) {\r\n                counter.element.textContent = counter.element.textContent.replace(\/\\D\/g,'');\r\n                animateNumberEaseOut(counter.element, counter.target, 2000, counter.plus);\r\n            }\r\n        });\r\n    });\r\n}\r\n\r\ndocument.addEventListener(\"DOMContentLoaded\", function() {\r\n    const container = document.getElementById('container-numbers');\r\n    if(!container) return;\r\n\r\n    const observer = new IntersectionObserver((entries, observer) => {\r\n        entries.forEach(entry => {\r\n            if(entry.isIntersecting) {\r\n                startCounters();\r\n                observer.unobserve(container);\r\n            }\r\n        });\r\n    }, { threshold: 0.5 });\r\n\r\n    observer.observe(container);\r\n});\r\n<\/script>\r\n\t\t\t\t<\/div>\n\t\t\t\t<\/div>\n\t\t\t\t<\/div>","protected":false},"excerpt":{"rendered":"<p>Rje\u0161enja s opti\u010dkim vlaknima Tehni\u010dka rje\u0161enja po principu \u201eklju\u010d u ruke\u201c i savjetovanje u opti\u010dkim komunikacijama i generi\u010dkom kabliranju. \u2014 [&hellip;]<\/p>","protected":false},"author":1,"featured_media":0,"parent":0,"menu_order":0,"comment_status":"closed","ping_status":"closed","template":"elementor_header_footer","meta":{"site-sidebar-layout":"no-sidebar","site-content-layout":"","ast-site-content-layout":"full-width-container","site-content-style":"default","site-sidebar-style":"default","ast-global-header-display":"","ast-banner-title-visibility":"","ast-main-header-display":"","ast-hfb-above-header-display":"","ast-hfb-below-header-display":"","ast-hfb-mobile-header-display":"","site-post-title":"disabled","ast-breadcrumbs-content":"","ast-featured-img":"disabled","footer-sml-layout":"","ast-disable-related-posts":"","theme-transparent-header-meta":"","adv-header-id-meta":"","stick-header-meta":"","header-above-stick-meta":"","header-main-stick-meta":"","header-below-stick-meta":"","astra-migrate-meta-layouts":"default","ast-page-background-enabled":"default","ast-page-background-meta":{"desktop":{"background-color":"var(--ast-global-color-5)","background-image":"","background-repeat":"repeat","background-position":"center center","background-size":"auto","background-attachment":"scroll","background-type":"","background-media":"","overlay-type":"","overlay-color":"","overlay-opacity":"","overlay-gradient":""},"tablet":{"background-color":"","background-image":"","background-repeat":"repeat","background-position":"center center","background-size":"auto","background-attachment":"scroll","background-type":"","background-media":"","overlay-type":"","overlay-color":"","overlay-opacity":"","overlay-gradient":""},"mobile":{"background-color":"","background-image":"","background-repeat":"repeat","background-position":"center center","background-size":"auto","background-attachment":"scroll","background-type":"","background-media":"","overlay-type":"","overlay-color":"","overlay-opacity":"","overlay-gradient":""}},"ast-content-background-meta":{"desktop":{"background-color":"var(--ast-global-color-4)","background-image":"","background-repeat":"repeat","background-position":"center center","background-size":"auto","background-attachment":"scroll","background-type":"","background-media":"","overlay-type":"","overlay-color":"","overlay-opacity":"","overlay-gradient":""},"tablet":{"background-color":"var(--ast-global-color-4)","background-image":"","background-repeat":"repeat","background-position":"center center","background-size":"auto","background-attachment":"scroll","background-type":"","background-media":"","overlay-type":"","overlay-color":"","overlay-opacity":"","overlay-gradient":""},"mobile":{"background-color":"var(--ast-global-color-4)","background-image":"","background-repeat":"repeat","background-position":"center center","background-size":"auto","background-attachment":"scroll","background-type":"","background-media":"","overlay-type":"","overlay-color":"","overlay-opacity":"","overlay-gradient":""}},"footnotes":""},"class_list":["post-99","page","type-page","status-publish","hentry"],"_links":{"self":[{"href":"https:\/\/markoja.hr\/en\/wp-json\/wp\/v2\/pages\/99","targetHints":{"allow":["GET"]}}],"collection":[{"href":"https:\/\/markoja.hr\/en\/wp-json\/wp\/v2\/pages"}],"about":[{"href":"https:\/\/markoja.hr\/en\/wp-json\/wp\/v2\/types\/page"}],"author":[{"embeddable":true,"href":"https:\/\/markoja.hr\/en\/wp-json\/wp\/v2\/users\/1"}],"replies":[{"embeddable":true,"href":"https:\/\/markoja.hr\/en\/wp-json\/wp\/v2\/comments?post=99"}],"version-history":[{"count":0,"href":"https:\/\/markoja.hr\/en\/wp-json\/wp\/v2\/pages\/99\/revisions"}],"wp:attachment":[{"href":"https:\/\/markoja.hr\/en\/wp-json\/wp\/v2\/media?parent=99"}],"curies":[{"name":"wp","href":"https:\/\/api.w.org\/{rel}","templated":true}]}}